{"id":7139,"date":"2021-12-29T18:59:52","date_gmt":"2021-12-29T18:59:52","guid":{"rendered":"https:\/\/lawlex.co.uk\/windykacji\/"},"modified":"2021-12-29T18:59:52","modified_gmt":"2021-12-29T18:59:52","slug":"windykacji","status":"publish","type":"page","link":"https:\/\/lawlex.co.uk\/pl\/windykacji\/","title":{"rendered":"Windykacji"},"content":{"rendered":"<p>[vc_row content_placement=&#8221;middle&#8221; css=&#8221;.vc_custom_1575390546273{padding-top: 55px !important;padding-bottom: 55px !important;}&#8221;][vc_column][vc_row_inner equal_height=&#8221;yes&#8221; content_placement=&#8221;middle&#8221;][vc_column_inner css=&#8221;.vc_custom_1575390506246{margin-top: 30px !important;margin-bottom: 30px !important;}&#8221;][vc_column_text]Our Fees for Debt Recovery is competitive and great value for money. These costs apply where a claim is in relation to a simple unpaid invoice which is not disputed and enforcement action is not needed. If the other party disputes the claim at any point, further work will be required and you will be provided with revised advice about costs if necessary, which could be on a fixed fee (e.g. if a one-off letter is required), or an hourly rate if more extensive work is needed.<\/p>\n<p><strong>Our Fees for Debt Recovery fee includes:<\/strong><\/p>\n<ul>\n<li>Taking your instructions and reviewing documentation<\/li>\n<li>Undertaking appropriate searches<\/li>\n<li>Sending a letter before action<\/li>\n<li>Receiving payment and sending onto you, or providing advice if the debt is not paid.<\/li>\n<\/ul>\n<p>&nbsp;<\/p>\n<table border=\"1\" cellspacing=\"0\" cellpadding=\"0\">\n<tbody>\n<tr>\n<td><strong>Debt value<\/strong><\/td>\n<td><strong>Court fee<\/strong><\/td>\n<td><strong>Our fee (excluding. VAT)<\/strong><\/td>\n<td><strong>Total<\/strong><\/td>\n<\/tr>\n<tr>\n<td>Up to \u00a35,000<\/td>\n<td>\u00a335 &#8211; \u00a3205<\/td>\n<td>\u00a3350 (excluding VAT)<\/td>\n<td>\u00a3385 &#8211; \u00a3555 +VAT<\/td>\n<\/tr>\n<tr>\n<td>\u00a35,001 &#8211; \u00a310,000<\/td>\n<td>\u00a3455<\/td>\n<td>\u00a3350 (excluding VAT)<\/td>\n<td>\u00a3805 +VAT<\/td>\n<\/tr>\n<tr>\n<td>\u00a310,001 &#8211; \u00a350,000<\/td>\n<td>5% value of the claim<\/td>\n<td>\u00a3150- \u00a3250 per hour<\/td>\n<td>Estimates available upon request<\/td>\n<\/tr>\n<\/tbody>\n<\/table>\n<p>&nbsp;<\/p>\n<p>Further work not included and upon which fees can be agreed:<\/p>\n<ul>\n<li>drafting, analysing and issuing a claim<\/li>\n<li>Where no Acknowledgment of Service or Defence is received, applying to the court to enter Judgement in default<\/li>\n<li>When Judgement in default is received, contact the other side to request payment<\/li>\n<li>Other steps as appropriate<\/li>\n<\/ul>\n<p><strong>Timescale<\/strong><\/p>\n<p>On average matter can take 1 \u2013 12 months from receipt of instructions to receipt of payment from the other side, depending on whether or not it is necessary to issue a claim. This is on the basis that the other side pays promptly on receipt of Judgement in default. If enforcement action is needed, the matter will take longer to conclude.[\/vc_column_text][vc_empty_space height=&#8221;20px&#8221;]<blockquote class=\"text-big shortcode-blockquote block-style-widget\"><p>We are Multilingual, our experts can advise clients who speak English, Georgian, Russian, Urdu, Chinese and Persian Language.<\/p>\n<\/blockquote>[vc_single_image image=&#8221;7049&#8243; img_size=&#8221;full&#8221; css=&#8221;.vc_custom_1615069244472{margin-top: 20px !important;}&#8221;][\/vc_column_inner][\/vc_row_inner][\/vc_column][\/vc_row][vc_row css=&#8221;.vc_custom_1614544557537{margin-bottom: 50px !important;}&#8221;][vc_column][vc_column_text]<strong>We<\/strong>\u00a0are experienced \u2013 At LawLex, the immigration advisors have been helping people come to Britain and remain in the UK for many years.<\/p>\n<p><strong>We<\/strong> are up to date \u2013 It is our top priority to keep ourselves updated with the constant changes in immigration law and EU legislation.<\/p>\n<p><strong>We<\/strong>\u00a0will listen \u2013 we know that everyone\u2019s immigration case is different and there is no one solution that is perfect for everyone. Our immigration advisors always listen to your situation and will guide you accordingly with your circumstances.<\/p>\n<p><strong>We<\/strong>\u00a0speak many languages \u2013\u00a0 If you don\u2019t speak English language we will make sure we have someone on hand who can translate. At LawLex Solicitors we speak English, Georgian, Russian, Urdu, Chinese and Persian language.[\/vc_column_text][\/vc_column][\/vc_row][vc_row css=&#8221;.vc_custom_1614547508085{margin-bottom: 20px !important;}&#8221;][vc_column]<div id=\"ultimate-heading-896869e92c2ab0fb4\" class=\"uvc-heading ult-adjust-bottom-margin ultimate-heading-896869e92c2ab0fb4 uvc-173  uvc-heading-default-font-sizes\" data-hspacer=\"no_spacer\"  data-halign=\"center\" style=\"text-align:center\"><div class=\"uvc-heading-spacer no_spacer\" style=\"top\"><\/div><div class=\"uvc-main-heading ult-responsive\"  data-ultimate-target='.uvc-heading.ultimate-heading-896869e92c2ab0fb4 h2'  data-responsive-json-new='{\"font-size\":\"\",\"line-height\":\"\"}' ><h2 style=\"--font-weight:theme;\">Dziedziny prawa, kt\u00f3rymi si\u0119 zajmujemy<\/h2><\/div><\/div>[\/vc_column][\/vc_row][vc_row css=&#8221;.vc_custom_1614547553005{margin-top: 20px !important;margin-bottom: 50px !important;}&#8221;][vc_column][vc_column_text]Wiemy, \u017ce ka\u017cda kwestia prawna jest trudna i powoduje stres psychiczny. My w LawLex Solicitors jeste\u015bmy wyj\u0105tkowi, dlatego starannie dopasowujemy nasze porady do indywidualnych potrzeb i staramy si\u0119 zapewni\u0107 Pa\u0144stwu jak najlepszy wynik. Aby porozmawia\u0107 z cz\u0142onkiem naszego zespo\u0142u prawnego, zadzwo\u0144 do nas pod numer 0203 432 7706 lub skontaktuj si\u0119 z nami online tutaj, a my oddzwonimy.[\/vc_column_text][\/vc_column][\/vc_row][vc_row full_width=&#8221;stretch_row&#8221; css=&#8221;.vc_custom_1614545150354{padding-top: 40px !important;padding-bottom: 60px !important;background-color: #215f96 !important;}&#8221;][vc_column offset=&#8221;vc_col-lg-offset-2 vc_col-lg-8 vc_col-md-offset-2 vc_col-md-8 vc_col-sm-offset-0 vc_col-xs-12&#8243;]<div id=\"ultimate-heading-318969e92c2ab100b\" class=\"uvc-heading ult-adjust-bottom-margin ultimate-heading-318969e92c2ab100b uvc-1340  uvc-heading-default-font-sizes\" data-hspacer=\"no_spacer\"  data-halign=\"center\" style=\"text-align:center\"><div class=\"uvc-heading-spacer no_spacer\" style=\"top\"><\/div><div class=\"uvc-main-heading ult-responsive\"  data-ultimate-target='.uvc-heading.ultimate-heading-318969e92c2ab100b h2'  data-responsive-json-new='{\"font-size\":\"\",\"line-height\":\"\"}' ><h2 style=\"font-weight:bold;color:#ffffff;margin-bottom:15px;\">Doradztwo prawne dostosowane do Twoich potrzeb<\/h2><\/div><div class=\"uvc-sub-heading ult-responsive\"  data-ultimate-target='.uvc-heading.ultimate-heading-318969e92c2ab100b .uvc-sub-heading '  data-responsive-json-new='{\"font-size\":\"\",\"line-height\":\"\"}'  style=\"font-weight:normal;color:rgba(255,255,255,0.7);margin-bottom:30px;\">Po\u015bpiesz si\u0119! Skontaktuj si\u0119 z nami ju\u017c dzi\u015b i uzyskaj bezp\u0142atn\u0105 konsultacj\u0119<\/div><\/div>[vc_raw_html css=&#8221;.vc_custom_1614545138112{margin-top: -20px !important;}&#8221;]PGRpdiBjbGFzcz0iYnV0dG9uLWJvb2stYmlnIj48YSBjbGFzcz0iYXBwb2ludGVkZC1ib29raW5nLXBvcG92ZXIiIGFwLWFwcGlkPSI1ZDRkNThiYjIyOTZlMTZjYWUyMzI3YzUiIGNsYXNzPSJidXR0b24tYm9vay1iaWciPjxidXR0b24gY2xhc3M9ImJvb2stYnV0dG9uIGJpZy1idXR0b24xIiA+PGkgY2xhc3M9ImZhcyBmYS1oYW5kc2hha2UiIGlkPSJoYW5kc2hha2UtaGVhZGVyIj48L2k+Qm9vayBBcHBvaW50bWVudDwvYnV0dG9uPjwvYT48L2Rpdj4NCg==[\/vc_raw_html][\/vc_column][\/vc_row]<\/p>\n","protected":false},"excerpt":{"rendered":"<p>[vc_row content_placement=&#8221;middle&#8221; css=&#8221;.vc_custom_1575390546273{padding-top: 55px !important;padding-bottom: 55px !important;}&#8221;][vc_column][vc_row_inner equal_height=&#8221;yes&#8221; content_placement=&#8221;middle&#8221;][vc_column_inner css=&#8221;.vc_custom_1575390506246{margin-top: 30px !important;margin-bottom: 30px !important;}&#8221;][vc_column_text]Our Fees for Debt Recovery is competitive and great value for money. These costs apply where a claim is in relation to a simple unpaid invoice which is not disputed and enforcement action is not needed. If the other party disputes the&hellip;<\/p>\n","protected":false},"author":1,"featured_media":0,"parent":0,"menu_order":0,"comment_status":"closed","ping_status":"closed","template":"","meta":{"footnotes":""},"class_list":["post-7139","page","type-page","status-publish","hentry","description-off"],"yoast_head":"<!-- This site is optimized with the Yoast SEO plugin v17.8 - https:\/\/yoast.com\/wordpress\/plugins\/seo\/ -->\n<title>Windykacji - Lawlex Solicitors<\/title>\n<meta name=\"description\" content=\"These costs apply where a claim is in relation to a simple unpaid invoice which is not disputed and enforcement action is not needed.\" \/>\n<meta name=\"robots\" content=\"index, follow, max-snippet:-1, max-image-preview:large, max-video-preview:-1\" \/>\n<link rel=\"canonical\" href=\"https:\/\/lawlex.co.uk\/pl\/windykacji\/\" \/>\n<meta property=\"og:locale\" content=\"pl_PL\" \/>\n<meta property=\"og:type\" content=\"article\" \/>\n<meta property=\"og:title\" content=\"Windykacji - Lawlex Solicitors\" \/>\n<meta property=\"og:description\" content=\"These costs apply where a claim is in relation to a simple unpaid invoice which is not disputed and enforcement action is not needed.\" \/>\n<meta property=\"og:url\" content=\"https:\/\/lawlex.co.uk\/pl\/windykacji\/\" \/>\n<meta property=\"og:site_name\" content=\"Lawlex Solicitors\" \/>\n<meta name=\"twitter:card\" content=\"summary_large_image\" \/>\n<meta name=\"twitter:label1\" content=\"Szacowany czas czytania\" \/>\n\t<meta name=\"twitter:data1\" content=\"4 minuty\" \/>\n<script type=\"application\/ld+json\" class=\"yoast-schema-graph\">{\"@context\":\"https:\/\/schema.org\",\"@graph\":[{\"@type\":\"WebSite\",\"@id\":\"https:\/\/lawlex.co.uk\/#website\",\"url\":\"https:\/\/lawlex.co.uk\/\",\"name\":\"Lawlex Solicitors\",\"description\":\"London Based Law firm\",\"potentialAction\":[{\"@type\":\"SearchAction\",\"target\":{\"@type\":\"EntryPoint\",\"urlTemplate\":\"https:\/\/lawlex.co.uk\/?s={search_term_string}\"},\"query-input\":\"required name=search_term_string\"}],\"inLanguage\":\"pl-PL\"},{\"@type\":\"WebPage\",\"@id\":\"https:\/\/lawlex.co.uk\/pl\/windykacji\/#webpage\",\"url\":\"https:\/\/lawlex.co.uk\/pl\/windykacji\/\",\"name\":\"Windykacji - Lawlex Solicitors\",\"isPartOf\":{\"@id\":\"https:\/\/lawlex.co.uk\/#website\"},\"datePublished\":\"2021-12-29T18:59:52+00:00\",\"dateModified\":\"2021-12-29T18:59:52+00:00\",\"description\":\"These costs apply where a claim is in relation to a simple unpaid invoice which is not disputed and enforcement action is not needed.\",\"breadcrumb\":{\"@id\":\"https:\/\/lawlex.co.uk\/pl\/windykacji\/#breadcrumb\"},\"inLanguage\":\"pl-PL\",\"potentialAction\":[{\"@type\":\"ReadAction\",\"target\":[\"https:\/\/lawlex.co.uk\/pl\/windykacji\/\"]}]},{\"@type\":\"BreadcrumbList\",\"@id\":\"https:\/\/lawlex.co.uk\/pl\/windykacji\/#breadcrumb\",\"itemListElement\":[{\"@type\":\"ListItem\",\"position\":1,\"name\":\"Home\",\"item\":\"https:\/\/lawlex.co.uk\/pl\/\"},{\"@type\":\"ListItem\",\"position\":2,\"name\":\"Windykacji\"}]}]}<\/script>\n<!-- \/ Yoast SEO plugin. -->","yoast_head_json":{"title":"Windykacji - Lawlex Solicitors","description":"These costs apply where a claim is in relation to a simple unpaid invoice which is not disputed and enforcement action is not needed.","robots":{"index":"index","follow":"follow","max-snippet":"max-snippet:-1","max-image-preview":"max-image-preview:large","max-video-preview":"max-video-preview:-1"},"canonical":"https:\/\/lawlex.co.uk\/pl\/windykacji\/","og_locale":"pl_PL","og_type":"article","og_title":"Windykacji - Lawlex Solicitors","og_description":"These costs apply where a claim is in relation to a simple unpaid invoice which is not disputed and enforcement action is not needed.","og_url":"https:\/\/lawlex.co.uk\/pl\/windykacji\/","og_site_name":"Lawlex Solicitors","twitter_card":"summary_large_image","twitter_misc":{"Szacowany czas czytania":"4 minuty"},"schema":{"@context":"https:\/\/schema.org","@graph":[{"@type":"WebSite","@id":"https:\/\/lawlex.co.uk\/#website","url":"https:\/\/lawlex.co.uk\/","name":"Lawlex Solicitors","description":"London Based Law firm","potentialAction":[{"@type":"SearchAction","target":{"@type":"EntryPoint","urlTemplate":"https:\/\/lawlex.co.uk\/?s={search_term_string}"},"query-input":"required name=search_term_string"}],"inLanguage":"pl-PL"},{"@type":"WebPage","@id":"https:\/\/lawlex.co.uk\/pl\/windykacji\/#webpage","url":"https:\/\/lawlex.co.uk\/pl\/windykacji\/","name":"Windykacji - Lawlex Solicitors","isPartOf":{"@id":"https:\/\/lawlex.co.uk\/#website"},"datePublished":"2021-12-29T18:59:52+00:00","dateModified":"2021-12-29T18:59:52+00:00","description":"These costs apply where a claim is in relation to a simple unpaid invoice which is not disputed and enforcement action is not needed.","breadcrumb":{"@id":"https:\/\/lawlex.co.uk\/pl\/windykacji\/#breadcrumb"},"inLanguage":"pl-PL","potentialAction":[{"@type":"ReadAction","target":["https:\/\/lawlex.co.uk\/pl\/windykacji\/"]}]},{"@type":"BreadcrumbList","@id":"https:\/\/lawlex.co.uk\/pl\/windykacji\/#breadcrumb","itemListElement":[{"@type":"ListItem","position":1,"name":"Home","item":"https:\/\/lawlex.co.uk\/pl\/"},{"@type":"ListItem","position":2,"name":"Windykacji"}]}]}},"_links":{"self":[{"href":"https:\/\/lawlex.co.uk\/pl\/wp-json\/wp\/v2\/pages\/7139","targetHints":{"allow":["GET"]}}],"collection":[{"href":"https:\/\/lawlex.co.uk\/pl\/wp-json\/wp\/v2\/pages"}],"about":[{"href":"https:\/\/lawlex.co.uk\/pl\/wp-json\/wp\/v2\/types\/page"}],"author":[{"embeddable":true,"href":"https:\/\/lawlex.co.uk\/pl\/wp-json\/wp\/v2\/users\/1"}],"replies":[{"embeddable":true,"href":"https:\/\/lawlex.co.uk\/pl\/wp-json\/wp\/v2\/comments?post=7139"}],"version-history":[{"count":3,"href":"https:\/\/lawlex.co.uk\/pl\/wp-json\/wp\/v2\/pages\/7139\/revisions"}],"predecessor-version":[{"id":7142,"href":"https:\/\/lawlex.co.uk\/pl\/wp-json\/wp\/v2\/pages\/7139\/revisions\/7142"}],"wp:attachment":[{"href":"https:\/\/lawlex.co.uk\/pl\/wp-json\/wp\/v2\/media?parent=7139"}],"curies":[{"name":"wp","href":"https:\/\/api.w.org\/{rel}","templated":true}]}}