{"id":7143,"date":"2021-12-29T19:04:22","date_gmt":"2021-12-29T19:04:22","guid":{"rendered":"https:\/\/lawlex.co.uk\/zatrudnienia\/"},"modified":"2021-12-29T19:04:23","modified_gmt":"2021-12-29T19:04:23","slug":"zatrudnienia","status":"publish","type":"page","link":"https:\/\/lawlex.co.uk\/pl\/zatrudnienia\/","title":{"rendered":"Zatrudnienia"},"content":{"rendered":"<p>[vc_row content_placement=&#8221;middle&#8221; css=&#8221;.vc_custom_1575390546273{padding-top: 55px !important;padding-bottom: 55px !important;}&#8221;][vc_column][vc_row_inner equal_height=&#8221;yes&#8221; content_placement=&#8221;middle&#8221;][vc_column_inner css=&#8221;.vc_custom_1575390506246{margin-top: 30px !important;margin-bottom: 30px !important;}&#8221;][vc_column_text]Our fees are based on an hourly rate of the fee earner who is dealing with your matter or can be agreed on a fixed fee basis as below.<\/p>\n<p><strong>Fees<\/strong><\/p>\n<table border=\"1\" cellspacing=\"0\" cellpadding=\"0\">\n<tbody>\n<tr>\n<td><strong>Level of Complexity <\/strong><\/td>\n<td><strong>Filing a claim or defending the claim<\/strong><\/td>\n<td><strong>Preliminary hearings<\/strong><\/td>\n<td><strong>Final hearings<\/strong><\/td>\n<\/tr>\n<tr>\n<td>Simple Complexity<\/td>\n<td>\u00a0From 600 + vat<\/td>\n<td>from 550 + vat<\/td>\n<td>From 800 + vat<\/td>\n<\/tr>\n<tr>\n<td>Medium complexity<\/td>\n<td>\u00a0From 800 + vat<\/td>\n<td>from 700 + vat<\/td>\n<td>From1200 + vat<\/td>\n<\/tr>\n<tr>\n<td>Complex cases<\/td>\n<td>\u00a0From 1000 + vat<\/td>\n<td>from 900 + vat<\/td>\n<td>From 1700 + vat<\/td>\n<\/tr>\n<\/tbody>\n<\/table>\n<p><strong>Hourly rates:<\/strong><\/p>\n<p>We have set out the hourly rates for lawyers at different levels.<\/p>\n<p>The rates and fee estimates are exclusive of VAT and disbursements. Professional fees will be subject to VAT at 20% where this is applicable.<\/p>\n<p>These rates are subject to annual review.<\/p>\n<ul>\n<li>Senior Associates \u00a3220\u2013\u00a3260<\/li>\n<li>Associates: \u00a3170 \u2013 \u00a3220<\/li>\n<li>Trainee Solicitors \u2013 \u00a3110 to \u00a3120<\/li>\n<li>Paralegals- \u00a3110<\/li>\n<\/ul>\n<p><strong>Fees not included (Disbursements)\u00a0<\/strong><\/p>\n<p>Disbursements are costs related to your matter that are payable to third parties, such as court fees. We handle the payment of the disbursements on your behalf to ensure a smoother process. Barrister&#8217;s fees are estimated between \u00a31,000 and \u00a35,000 depending on the length of representation and can be higher (depending on the experience of the Barrister) for attending a Tribunal Hearing (including preparation)<\/p>\n<p>&nbsp;<\/p>\n<p><strong>Key stages<\/strong><\/p>\n<p>Some of those stages below may not be applicable and will be reflected on price<\/p>\n<ul>\n<li>Taking your initial instructions, reviewing the papers and advising you on merits and likely compensation (this is likely to be revisited throughout the matter and subject to change)<\/li>\n<li>Entering into pre-claim conciliation where this is mandatory to explore whether a settlement can be reached;<\/li>\n<li>Preparing claim or response<\/li>\n<li>Reviewing and advising on claim or response from other party<\/li>\n<li>Exploring settlement and negotiating settlement throughout the process<\/li>\n<li>Preparing or considering a schedule of loss<\/li>\n<li>Preparing for (and attending) a Preliminary Hearing<\/li>\n<li>Exchanging documents with the other party and agreeing a bundle of documents<\/li>\n<li>Taking witness statements, drafting statements and agreeing their content with witnesses<\/li>\n<li>Preparing bundle of documents<\/li>\n<li>Reviewing and advising on the other party\u2019s witness statements<\/li>\n<li>Agreeing a list of issues, a chronology and\/or cast list<\/li>\n<li>Preparation and attendance at Final Hearing, including instructions to Counsel<\/li>\n<\/ul>\n<p>Prices quoted are for representation throughout the full stage of proceedings up to a final hearing. Work would include the draft of initial pleadings, attendance at a preliminary hearing to discuss case management, dealing with the case management orders including; preparation of a schedule of loss; dealing with disclosure of documents\/preparation of a bundle and drafting of witness statements. We would also instruct and liaise with a barrister for any final preparations before attending the final hearing.<\/p>\n<p><strong>Timescale<\/strong><\/p>\n<p>Employment-related claims can take from one month to a year or longer depending on whether the agreement is reached at an early stage or proceeds to a final hearing. An accurate timescale will be provided at the time commencing a case.[\/vc_column_text][vc_empty_space height=&#8221;20px&#8221;]<blockquote class=\"text-big shortcode-blockquote block-style-widget\"><p>Jeste\u015bmy wieloj\u0119zyczni, nasi eksperci mog\u0105 doradza\u0107 klientom m\u00f3wi\u0105cym po angielsku, gruzi\u0144sku, rosyjsku, urdu, chi\u0144skim i perskim.<\/p>\n<\/blockquote>[vc_single_image image=&#8221;7049&#8243; img_size=&#8221;full&#8221; css=&#8221;.vc_custom_1615069244472{margin-top: 20px !important;}&#8221;][\/vc_column_inner][\/vc_row_inner][\/vc_column][\/vc_row][vc_row css=&#8221;.vc_custom_1614544557537{margin-bottom: 50px !important;}&#8221;][vc_column][vc_column_text]<strong>Mamy do\u015bwiadczenie<\/strong> \u2013 W LawLex, prawnicy imigracyjni pomagaj\u0105 ludziom w przybyciu do Wielkiej Brytanii i pozostaniu od wielu lat.<\/p>\n<p><strong>Este\u015bmy na bie\u017c\u0105co<\/strong> \u2013 Naszym najwy\u017cszym priorytetem jest by\u0107 na bie\u017c\u0105co z ci\u0105g\u0142ymi zmianami w prawie imigracyjnym i prawodawstwie UE.<\/p>\n<p><strong>Wys\u0142uchamy Ci\u0119<\/strong> \u2013 wiemy, \u017ce ka\u017cdy przypadek imigracyjny jest inny i nie ma jednego rozwi\u0105zania, kt\u00f3re by\u0142oby idealne dla wszystkich. Nasi doradcy imigracyjni zawsze wys\u0142uchaj\u0105 Twojej sytuacji i doradz\u0105 Ci odpowiednio do okoliczno\u015bci.<\/p>\n<p><strong>M\u00f3wimy w wielu j\u0119zykach<\/strong> \u2013 je\u015bli nie znasz j\u0119zyka angielskiego, upewnimy si\u0119, \u017ce mamy pod r\u0119k\u0105 kogo\u015b, kto mo\u017ce t\u0142umaczy\u0107. W LawLex Solicitors m\u00f3wimy w j\u0119zyku angielskim, gruzi\u0144skim, rosyjskim, urdu, chi\u0144skim i perskim[\/vc_column_text][\/vc_column][\/vc_row][vc_row css=&#8221;.vc_custom_1614547553005{margin-top: 20px !important;margin-bottom: 50px !important;}&#8221;][vc_column][vc_column_text]Wiemy, \u017ce ka\u017cda kwestia prawna jest trudna i powoduje stres psychiczny. My w LawLex Solicitors jeste\u015bmy wyj\u0105tkowi, dlatego starannie dopasowujemy nasze porady do indywidualnych potrzeb i staramy si\u0119 zapewni\u0107 Pa\u0144stwu jak najlepszy wynik. Aby porozmawia\u0107 z cz\u0142onkiem naszego zespo\u0142u prawnego, zadzwo\u0144 do nas pod numer 0203 432 7706 lub skontaktuj si\u0119 z nami online tutaj, a my oddzwonimy.[\/vc_column_text][\/vc_column][\/vc_row][vc_row full_width=&#8221;stretch_row&#8221; css=&#8221;.vc_custom_1614545150354{padding-top: 40px !important;padding-bottom: 60px !important;background-color: #215f96 !important;}&#8221;][vc_column offset=&#8221;vc_col-lg-offset-2 vc_col-lg-8 vc_col-md-offset-2 vc_col-md-8 vc_col-sm-offset-0 vc_col-xs-12&#8243;]<div id=\"ultimate-heading-591969eda7820d6b3\" class=\"uvc-heading ult-adjust-bottom-margin ultimate-heading-591969eda7820d6b3 uvc-9934  uvc-heading-default-font-sizes\" data-hspacer=\"no_spacer\"  data-halign=\"center\" style=\"text-align:center\"><div class=\"uvc-heading-spacer no_spacer\" style=\"top\"><\/div><div class=\"uvc-main-heading ult-responsive\"  data-ultimate-target='.uvc-heading.ultimate-heading-591969eda7820d6b3 h2'  data-responsive-json-new='{\"font-size\":\"\",\"line-height\":\"\"}' ><h2 style=\"font-weight:bold;color:#ffffff;margin-bottom:15px;\">Doradztwo prawne dostosowane do Twoich potrzeb<\/h2><\/div><div class=\"uvc-sub-heading ult-responsive\"  data-ultimate-target='.uvc-heading.ultimate-heading-591969eda7820d6b3 .uvc-sub-heading '  data-responsive-json-new='{\"font-size\":\"\",\"line-height\":\"\"}'  style=\"font-weight:normal;color:rgba(255,255,255,0.7);margin-bottom:30px;\">Po\u015bpiesz si\u0119! Skontaktuj si\u0119 z nami ju\u017c dzi\u015b i uzyskaj bezp\u0142atn\u0105 konsultacj\u0119<\/div><\/div>[vc_raw_html css=&#8221;.vc_custom_1614545138112{margin-top: -20px !important;}&#8221;]PGRpdiBjbGFzcz0iYnV0dG9uLWJvb2stYmlnIj48YSBjbGFzcz0iYXBwb2ludGVkZC1ib29raW5nLXBvcG92ZXIiIGFwLWFwcGlkPSI1ZDRkNThiYjIyOTZlMTZjYWUyMzI3YzUiIGNsYXNzPSJidXR0b24tYm9vay1iaWciPjxidXR0b24gY2xhc3M9ImJvb2stYnV0dG9uIGJpZy1idXR0b24xIiA+PGkgY2xhc3M9ImZhcyBmYS1oYW5kc2hha2UiIGlkPSJoYW5kc2hha2UtaGVhZGVyIj48L2k+Qm9vayBBcHBvaW50bWVudDwvYnV0dG9uPjwvYT48L2Rpdj4NCg==[\/vc_raw_html][\/vc_column][\/vc_row]<\/p>\n","protected":false},"excerpt":{"rendered":"<p>[vc_row content_placement=&#8221;middle&#8221; css=&#8221;.vc_custom_1575390546273{padding-top: 55px !important;padding-bottom: 55px !important;}&#8221;][vc_column][vc_row_inner equal_height=&#8221;yes&#8221; content_placement=&#8221;middle&#8221;][vc_column_inner css=&#8221;.vc_custom_1575390506246{margin-top: 30px !important;margin-bottom: 30px !important;}&#8221;][vc_column_text]Our fees are based on an hourly rate of the fee earner who is dealing with your matter or can be agreed on a fixed fee basis as below. Fees Level of Complexity Filing a claim or defending the claim Preliminary hearings&hellip;<\/p>\n","protected":false},"author":1,"featured_media":0,"parent":0,"menu_order":0,"comment_status":"closed","ping_status":"closed","template":"","meta":{"footnotes":""},"class_list":["post-7143","page","type-page","status-publish","hentry","description-off"],"yoast_head":"<!-- This site is optimized with the Yoast SEO plugin v17.8 - https:\/\/yoast.com\/wordpress\/plugins\/seo\/ -->\n<title>Zatrudnienia - Lawlex Solicitors<\/title>\n<meta name=\"robots\" content=\"index, follow, max-snippet:-1, max-image-preview:large, max-video-preview:-1\" \/>\n<link rel=\"canonical\" href=\"https:\/\/lawlex.co.uk\/pl\/zatrudnienia\/\" \/>\n<meta property=\"og:locale\" content=\"pl_PL\" \/>\n<meta property=\"og:type\" content=\"article\" \/>\n<meta property=\"og:title\" content=\"Zatrudnienia - Lawlex Solicitors\" \/>\n<meta property=\"og:description\" content=\"[vc_row content_placement=&#8221;middle&#8221; css=&#8221;.vc_custom_1575390546273{padding-top: 55px !important;padding-bottom: 55px !important;}&#8221;][vc_column][vc_row_inner equal_height=&#8221;yes&#8221; content_placement=&#8221;middle&#8221;][vc_column_inner css=&#8221;.vc_custom_1575390506246{margin-top: 30px !important;margin-bottom: 30px !important;}&#8221;][vc_column_text]Our fees are based on an hourly rate of the fee earner who is dealing with your matter or can be agreed on a fixed fee basis as below. Fees Level of Complexity Filing a claim or defending the claim Preliminary hearings&hellip;\" \/>\n<meta property=\"og:url\" content=\"https:\/\/lawlex.co.uk\/pl\/zatrudnienia\/\" \/>\n<meta property=\"og:site_name\" content=\"Lawlex Solicitors\" \/>\n<meta property=\"article:modified_time\" content=\"2021-12-29T19:04:23+00:00\" \/>\n<meta name=\"twitter:card\" content=\"summary_large_image\" \/>\n<meta name=\"twitter:label1\" content=\"Szacowany czas czytania\" \/>\n\t<meta name=\"twitter:data1\" content=\"5 minut\" \/>\n<script type=\"application\/ld+json\" class=\"yoast-schema-graph\">{\"@context\":\"https:\/\/schema.org\",\"@graph\":[{\"@type\":\"WebSite\",\"@id\":\"https:\/\/lawlex.co.uk\/#website\",\"url\":\"https:\/\/lawlex.co.uk\/\",\"name\":\"Lawlex Solicitors\",\"description\":\"London Based Law firm\",\"potentialAction\":[{\"@type\":\"SearchAction\",\"target\":{\"@type\":\"EntryPoint\",\"urlTemplate\":\"https:\/\/lawlex.co.uk\/?s={search_term_string}\"},\"query-input\":\"required name=search_term_string\"}],\"inLanguage\":\"pl-PL\"},{\"@type\":\"WebPage\",\"@id\":\"https:\/\/lawlex.co.uk\/pl\/zatrudnienia\/#webpage\",\"url\":\"https:\/\/lawlex.co.uk\/pl\/zatrudnienia\/\",\"name\":\"Zatrudnienia - Lawlex Solicitors\",\"isPartOf\":{\"@id\":\"https:\/\/lawlex.co.uk\/#website\"},\"datePublished\":\"2021-12-29T19:04:22+00:00\",\"dateModified\":\"2021-12-29T19:04:23+00:00\",\"breadcrumb\":{\"@id\":\"https:\/\/lawlex.co.uk\/pl\/zatrudnienia\/#breadcrumb\"},\"inLanguage\":\"pl-PL\",\"potentialAction\":[{\"@type\":\"ReadAction\",\"target\":[\"https:\/\/lawlex.co.uk\/pl\/zatrudnienia\/\"]}]},{\"@type\":\"BreadcrumbList\",\"@id\":\"https:\/\/lawlex.co.uk\/pl\/zatrudnienia\/#breadcrumb\",\"itemListElement\":[{\"@type\":\"ListItem\",\"position\":1,\"name\":\"Home\",\"item\":\"https:\/\/lawlex.co.uk\/pl\/\"},{\"@type\":\"ListItem\",\"position\":2,\"name\":\"Zatrudnienia\"}]}]}<\/script>\n<!-- \/ Yoast SEO plugin. -->","yoast_head_json":{"title":"Zatrudnienia - Lawlex Solicitors","robots":{"index":"index","follow":"follow","max-snippet":"max-snippet:-1","max-image-preview":"max-image-preview:large","max-video-preview":"max-video-preview:-1"},"canonical":"https:\/\/lawlex.co.uk\/pl\/zatrudnienia\/","og_locale":"pl_PL","og_type":"article","og_title":"Zatrudnienia - Lawlex Solicitors","og_description":"[vc_row content_placement=&#8221;middle&#8221; css=&#8221;.vc_custom_1575390546273{padding-top: 55px !important;padding-bottom: 55px !important;}&#8221;][vc_column][vc_row_inner equal_height=&#8221;yes&#8221; content_placement=&#8221;middle&#8221;][vc_column_inner css=&#8221;.vc_custom_1575390506246{margin-top: 30px !important;margin-bottom: 30px !important;}&#8221;][vc_column_text]Our fees are based on an hourly rate of the fee earner who is dealing with your matter or can be agreed on a fixed fee basis as below. Fees Level of Complexity Filing a claim or defending the claim Preliminary hearings&hellip;","og_url":"https:\/\/lawlex.co.uk\/pl\/zatrudnienia\/","og_site_name":"Lawlex Solicitors","article_modified_time":"2021-12-29T19:04:23+00:00","twitter_card":"summary_large_image","twitter_misc":{"Szacowany czas czytania":"5 minut"},"schema":{"@context":"https:\/\/schema.org","@graph":[{"@type":"WebSite","@id":"https:\/\/lawlex.co.uk\/#website","url":"https:\/\/lawlex.co.uk\/","name":"Lawlex Solicitors","description":"London Based Law firm","potentialAction":[{"@type":"SearchAction","target":{"@type":"EntryPoint","urlTemplate":"https:\/\/lawlex.co.uk\/?s={search_term_string}"},"query-input":"required name=search_term_string"}],"inLanguage":"pl-PL"},{"@type":"WebPage","@id":"https:\/\/lawlex.co.uk\/pl\/zatrudnienia\/#webpage","url":"https:\/\/lawlex.co.uk\/pl\/zatrudnienia\/","name":"Zatrudnienia - Lawlex Solicitors","isPartOf":{"@id":"https:\/\/lawlex.co.uk\/#website"},"datePublished":"2021-12-29T19:04:22+00:00","dateModified":"2021-12-29T19:04:23+00:00","breadcrumb":{"@id":"https:\/\/lawlex.co.uk\/pl\/zatrudnienia\/#breadcrumb"},"inLanguage":"pl-PL","potentialAction":[{"@type":"ReadAction","target":["https:\/\/lawlex.co.uk\/pl\/zatrudnienia\/"]}]},{"@type":"BreadcrumbList","@id":"https:\/\/lawlex.co.uk\/pl\/zatrudnienia\/#breadcrumb","itemListElement":[{"@type":"ListItem","position":1,"name":"Home","item":"https:\/\/lawlex.co.uk\/pl\/"},{"@type":"ListItem","position":2,"name":"Zatrudnienia"}]}]}},"_links":{"self":[{"href":"https:\/\/lawlex.co.uk\/pl\/wp-json\/wp\/v2\/pages\/7143","targetHints":{"allow":["GET"]}}],"collection":[{"href":"https:\/\/lawlex.co.uk\/pl\/wp-json\/wp\/v2\/pages"}],"about":[{"href":"https:\/\/lawlex.co.uk\/pl\/wp-json\/wp\/v2\/types\/page"}],"author":[{"embeddable":true,"href":"https:\/\/lawlex.co.uk\/pl\/wp-json\/wp\/v2\/users\/1"}],"replies":[{"embeddable":true,"href":"https:\/\/lawlex.co.uk\/pl\/wp-json\/wp\/v2\/comments?post=7143"}],"version-history":[{"count":3,"href":"https:\/\/lawlex.co.uk\/pl\/wp-json\/wp\/v2\/pages\/7143\/revisions"}],"predecessor-version":[{"id":7146,"href":"https:\/\/lawlex.co.uk\/pl\/wp-json\/wp\/v2\/pages\/7143\/revisions\/7146"}],"wp:attachment":[{"href":"https:\/\/lawlex.co.uk\/pl\/wp-json\/wp\/v2\/media?parent=7143"}],"curies":[{"name":"wp","href":"https:\/\/api.w.org\/{rel}","templated":true}]}}