{"id":7161,"date":"2021-12-29T19:42:29","date_gmt":"2021-12-29T19:42:29","guid":{"rendered":"https:\/\/lawlex.co.uk\/procedura-rozpatrywania-skarg\/"},"modified":"2021-12-29T19:42:30","modified_gmt":"2021-12-29T19:42:30","slug":"procedura-rozpatrywania-skarg","status":"publish","type":"page","link":"https:\/\/lawlex.co.uk\/pl\/procedura-rozpatrywania-skarg\/","title":{"rendered":"Procedura rozpatrywania skarg"},"content":{"rendered":"<p>[vc_row][vc_column][vc_column_text]Je\u015bli jeste\u015b niezadowolony z jakichkolwiek aspekt\u00f3w us\u0142ugi, kt\u00f3r\u0105 otrzyma\u0142e\u015b, lub rachunku, wa\u017cne jest, aby\u015b nas o tym powiadomi\u0142 tak szybko, jak to mo\u017cliwe. Ufamy, \u017ce b\u0119dziemy w stanie rozwi\u0105za\u0107 wszelkie problemy, z kt\u00f3rych jeste\u015bcie niezadowoleni mi\u0119dzy nami. Powiniene\u015b najpierw napisa\u0107 do g\u0142\u00f3wnego radcy prawnego w LawLex Solicitors ze szczeg\u00f3\u0142owym opisem charakteru swojej skargi. Nast\u0119pnie udzieli Ci odpowiedzi w rozs\u0105dnym czasie w celu rozwi\u0105zania sporu do satysfakcjonuj\u0105cego zako\u0144czenia.<\/p>\n<p>Po otrzymaniu Twojej skargi zapewnimy, \u017ce zostanie ona rozpatrzona szybko, uczciwie, otwarcie i skutecznie. Poinformujemy Ci\u0119 r\u00f3wnie\u017c pisemnie, w jaki spos\u00f3b reklamacja zostanie rozpatrzona i w jakim czasie udzielimy Ci odpowiedzi. Potwierdzamy, \u017ce firma posiada procedur\u0119 reklamacyjn\u0105, kt\u00f3rej kopia jest dost\u0119pna na \u017c\u0105danie.<\/p>\n<p>Mamy nadziej\u0119, \u017ce skorzystasz z naszej procedury. Je\u015bli jednak wolisz tego nie robi\u0107 lub nie jeste\u015b zadowolony z wyniku, mo\u017cesz zg\u0142osi\u0107 skarg\u0119 do rzecznika praw obywatelskich, kt\u00f3ry zajmie si\u0119 skargami Klient\u00f3w na us\u0142ugi \u015bwiadczone przez firm\u0119 lub jej pracownik\u00f3w. Rzecznik prawny nie mo\u017ce rozpatrywa\u0107 skargi, chyba \u017ce zostanie ona zbadana przez firm\u0119. Skargi do Rzecznika Praw Obywatelskich maj\u0105 termin 6 miesi\u0119cy od daty ustalenia dochodzenia wewn\u0119trznego firmy lub 12 miesi\u0119cy od dnia, w kt\u00f3rym skarga powinna by\u0142a wiedzie\u0107, \u017ce istnieje pow\u00f3d z\u0142o\u017cenia skargi. W wyj\u0105tkowych okoliczno\u015bciach rzecznik mo\u017ce przed\u0142u\u017cy\u0107 terminy.<\/p>\n<p>Dane kontaktowe rzecznika praw obywatelskich to<\/p>\n<p><strong>Legal OmbudsmanPO BOX 6806<br \/>\nWolverhampton<\/strong><br \/>\n<strong>WVI 9WJ<\/strong><\/p>\n<p><strong>Telefon: 0300 555 0333<\/strong><br \/>\n<strong>Email: enquiries@legatombudsrnan.org.uk<br \/>\n<\/strong><strong>Web: www.legatombudsrnan.org.uk<\/strong><\/p>\n<p>Chocia\u017c d\u0105\u017cymy do doskona\u0142o\u015bci we wszystkim, co robimy, nadal istnieje mo\u017cliwo\u015b\u0107, \u017ce klient mo\u017ce by\u0107 niezadowolony z naszych wynik\u00f3w. Nasza polityka dotycz\u0105ca reklamacji ma na celu wyja\u015bnienie naszego podej\u015bcia do reklamacji klient\u00f3w, a tak\u017ce ma na celu sprawiedliwe, skuteczne i szybkie rozpatrywanie ka\u017cdej reklamacji, je\u015bli si\u0119 ona pojawi, jednocze\u015bnie pomagaj\u0105c nam zachowa\u0107 dobr\u0105 wol\u0119 klienta i kontynuacj\u0119 relacji z Praktyk\u0105.<\/p>\n<p>Zajmiemy si\u0119 Pa\u0144stwa skargami i przeka\u017cemy dane dotycz\u0105ce skarg oraz trendy do Mened\u017cera Ryzyka w celu w\u0142\u0105czenia do corocznego przegl\u0105du danych dotycz\u0105cych zarz\u0105dzania ryzykiem.<\/p>\n<p><strong>Co nie jest skarg\u0105?<\/strong><\/p>\n<p>Wewn\u0119trznie uwa\u017camy, \u017ce ka\u017cdy wyraz niezadowolenia klienta jest powa\u017cny, w zakresie, w jakim powinien zosta\u0107 poinformowany o tym Specjalista ds. Opieki nad Klientem. Nie oznacza to jednak, \u017ce w takich przypadkach nale\u017cy przestrzega\u0107 pe\u0142nej procedury reklamacyjnej.<\/p>\n<p>Przyk\u0142adami mog\u0105 by\u0107: \u201eTwoi prawnicy s\u0105 zawsze za drodzy\u201d lub \u201eNie rozumiem, dlaczego wszystko trwa tak d\u0142ugo\u201d.<\/p>\n<p>Zg\u0142aszaj\u0105c drobne narzekania, z kt\u00f3rymi sam radzi\u0142e\u015b sobie w spos\u00f3b zadowalaj\u0105cy, pomagasz Wyznaczonemu Opiekunowi ds. Skarg i Mened\u017cerowi ds. Ryzyka w utrzymaniu dok\u0142adnego profilu ryzyka dla Praktyki i przewidywaniu trend\u00f3w niezadowolenia klient\u00f3w. Nie s\u0105 one jednak traktowane przez Praktyk\u0119 jako reklamacje.<\/p>\n<p><strong>Co to jest skarga<\/strong><\/p>\n<p><strong>Kiedy:<\/strong><\/p>\n<ul>\n<li>Klient prosi o kopi\u0119 naszej procedury reklamacyjnej w celu zarejestrowania reklamacji<\/li>\n<li>Otrzymana zostanie pisemna skarga, listownie, e-mailem, faksem lub w inny spos\u00f3b,<\/li>\n<li>Reklamacja jest sk\u0142adana do Wyznaczonego Obs\u0142ugi Reklamacji, osobi\u015bcie lub telefonicznie.<\/li>\n<li>Osoba pobieraj\u0105ca wynagrodzenie nie jest w stanie samodzielnie zadowoli\u0107 klienta, kt\u00f3ry reklamuje w inny spos\u00f3b,<\/li>\n<\/ul>\n<p>Praktyka traktuje to jako skarg\u0119, a pe\u0142na Procedura Reklamacyjna musi by\u0107 przestrzegana krok po kroku.<\/p>\n<p><strong>Polityka reklamacyjna<\/strong><\/p>\n<p>Pomimo wszelkich naszych stara\u0144, aby zadowoli\u0107 naszych klient\u00f3w, reklamacja, niezale\u017cnie od tego, czy jest uzasadniona, czy nie, mo\u017ce si\u0119 pojawi\u0107.<\/p>\n<p>Nasz\u0105 zasad\u0105 jest szybkie, uczciwe i skuteczne rozpatrywanie skarg klient\u00f3w, poniewa\u017c:<\/p>\n<ul>\n<li>Klienci maj\u0105 prawo tego od nas oczekiwa\u0107<br \/>\nNasza reakcja na skarg\u0119 klienta mo\u017ce roz\u0142adowa\u0107 sytuacj\u0119, kt\u00f3ra w innym przypadku jest wybuchowa<br \/>\nB\u0119dzie wi\u0119ksza szansa na zatrzymanie klienta<br \/>\nOszcz\u0119dza nam to czasu i pieni\u0119dzy na zajmowanie si\u0119 narastaj\u0105c\u0105 reklamacj\u0105<br \/>\nZmniejsza szanse na dotarcie skarg do Rzecznika Praw Obywatelskich<br \/>\nZmniejsza prawdopodobie\u0144stwo roszcze\u0144 wobec praktyki, kt\u00f3ra mog\u0142aby zaszkodzi\u0107 naszej reputacji, a tak\u017ce okaza\u0107 si\u0119 kosztowna<\/li>\n<\/ul>\n<p>Z tych powod\u00f3w posiadamy pisemn\u0105 Procedur\u0119 Za\u017cale\u0144, kt\u00f3rej nale\u017cy przestrzega\u0107 za ka\u017cdym razem, gdy klient otrzymuje skarg\u0119.<\/p>\n<p><strong>Procedura formalna<\/strong><\/p>\n<p>Procedura pisemnych skarg klient\u00f3w<\/p>\n<p>Praktyka posiada pisemny dokument dotycz\u0105cy procedury reklamacji klient\u00f3w, kt\u00f3ry jest udost\u0119pniany klientom na \u017c\u0105danie. Wyja\u015bnia, w jaki spos\u00f3b zostanie rozpatrzona ich skarga, w tym ramy czasowe wst\u0119pnej i merytorycznej odpowiedzi. Procedura ta musi by\u0107 przestrzegana za ka\u017cdym razem, gdy pojawia si\u0119 skarga klienta.<\/p>\n<p>Na pocz\u0105tku Klient musi zosta\u0107 poinformowany na pocz\u0105tku sprawy, \u017ce w przypadku problemu ma prawo z\u0142o\u017cy\u0107 reklamacj\u0119.<\/p>\n<p><strong>Odpowied\u017a osoby pobieraj\u0105cej op\u0142at\u0119<\/strong><\/p>\n<p>Ilekro\u0107 klient skar\u017cy si\u0119, nie b\u0105d\u017a defensywny, ale spr\u00f3buj spojrze\u0107 na jego punkt widzenia. To mo\u017ce by\u0107 po prostu nieporozumienie.<\/p>\n<p>Je\u015bli nie mo\u017cesz samodzielnie rozwi\u0105za\u0107 problemu:<\/p>\n<ul>\n<li>Popro\u015b klienta, aby skontaktowa\u0142 si\u0119 z naszym Wyznaczonym Opiekunem Za\u017cale\u0144 lub popro\u015b Wyznaczonego Opiekuna ds. Za\u017cale\u0144 o skontaktowanie si\u0119 z klientem<\/li>\n<li>Uprzejmie zaoferuj przes\u0142anie klientowi kopii naszej pisemnej procedury reklamacyjnej<\/li>\n<li>Niezw\u0142ocznie zg\u0142o\u015b sytuacj\u0119 Wyznaczonemu Rozpatruj\u0105cemu Reklamacje<\/li>\n<li>Skopiuj raport do Mened\u017cera Ryzyka<\/li>\n<\/ul>\n<p><strong>Wyznaczona odpowied\u017a osoby zajmuj\u0105cej si\u0119 reklamacjami<\/strong><\/p>\n<p>Je\u015bli klient ch\u0119tnie zadzwoni do specjalisty ds. opieki nad klientem, mo\u017cliwe jest rozwi\u0105zanie sprawy przez telefon. Je\u017celi w trakcie rozmowy telefonicznej nie b\u0119dzie mo\u017cliwe znalezienie rozwi\u0105zania, Wyznaczony Osoba Rozpatruj\u0105ca Reklamacje:<\/p>\n<ul>\n<li>Popro\u015b klienta o przes\u0142anie skargi na pi\u015bmie lub zapro\u015b klienta na spotkanie w celu om\u00f3wienia skargi<br \/>\nWyja\u015bnij, \u017ce posiadamy pisemn\u0105 Procedur\u0119<\/li>\n<li>Reklamacyjn\u0105, kt\u00f3rej kopia zostanie niezw\u0142ocznie wys\u0142ana<\/li>\n<li>Wy\u015blij pismo wraz z Procedur\u0105 Reklamacyjn\u0105 Kancelarii do klienta od razu<\/li>\n<\/ul>\n<p>Przes\u0142ana klientowi procedura wyja\u015bnia spos\u00f3b rozpatrzenia reklamacji wraz z harmonogramem poszczeg\u00f3lnych etap\u00f3w procesu reklamacyjnego, w tym udzielenia odpowiedzi wst\u0119pnej i merytorycznej.<\/p>\n<p>Od tego momentu Opiekun Klienta b\u0119dzie post\u0119powa\u0142 zgodnie z pisemn\u0105 Procedur\u0105 Reklamacyjn\u0105, dbaj\u0105c o dotrzymanie termin\u00f3w obiecanych w procedurze. Czyni\u0105c to, Specjalista ds. Opieki nad Klientem zidentyfikuje przyczyn\u0119 problemu, na kt\u00f3ry klient z\u0142o\u017cy\u0142 skarg\u0119, zaproponuje odpowiednie zado\u015b\u0107uczynienie i wraz z Kierownikiem ds. Ryzyka i Kierownikiem ds. Jako\u015bci postaramy si\u0119 ulepszy\u0107 wszelkie procedury, co do kt\u00f3rych skarga wskazuje, \u017ce s\u0105 niezadowalaj\u0105ce.<\/p>\n<p>Wyznaczona osoba zajmuj\u0105ca si\u0119 skargami b\u0119dzie prowadzi\u0107 pe\u0142n\u0105 dokumentacj\u0119 reklamacji, w tym dziennik post\u0119p\u00f3w i ca\u0142\u0105 korespondencj\u0119.<\/p>\n<p>Wyznaczony Opiekun Za\u017cale\u0144 zaleci Kierownikowi ds. Jako\u015bci wszelkie zmiany, kt\u00f3re poprawi\u0105 niezadowalaj\u0105ce procedury wskazane przez sk\u0142adaj\u0105cego skarg\u0119. W stosownych przypadkach osoba pobieraj\u0105ca honoraria, przeciwko kt\u00f3rej wniesiono skarg\u0119, mo\u017ce otrzyma\u0107 wsparcie i szkolenie, wymagane do przyj\u0119cia nowych sposob\u00f3w pracy lub obj\u0119te post\u0119powaniem dyscyplinarnym.<\/p>\n<p>Dalsze obowi\u0105zki wyznaczonego osoby zajmuj\u0105cej si\u0119 za\u017caleniami<\/p>\n<p>Wyznaczona osoba zajmuj\u0105ca si\u0119 za\u017caleniami:<\/p>\n<ul>\n<li>Upewnij si\u0119, \u017ce procedura reklamacyjna jest aktualna i stale spe\u0142nia potrzeby klient\u00f3w, potrzeby firmy oraz wymagania Podr\u0119cznika SRA<\/li>\n<li>Post\u0119puj zgodnie z procedur\u0105 sk\u0142adania skarg Praktyki podczas rozpatrywania ka\u017cdej skargi<\/li>\n<li>Rejestruj wszystkie reklamacje centralnie i prowad\u017a na bie\u017c\u0105co ewidencj\u0119 post\u0119p\u00f3w w rozpatrywaniu reklamacji<\/li>\n<\/ul>\n<p>Je\u015bli skarga wskazuje, \u017ce kt\u00f3rakolwiek z procedur Praktyki mo\u017ce zosta\u0107 ulepszona, Wyznaczony Osoba zajmuj\u0105ca si\u0119 skargami zwr\u00f3ci si\u0119 do Kierownika ds. Jako\u015bci o ich zmian\u0119 w celu poprawy obs\u0142ugi klienta i zmniejszenia prawdopodobie\u0144stwa podobnych skarg w przysz\u0142o\u015bci.<\/p>\n<p>Wyznaczona osoba zajmuj\u0105ca si\u0119 skargami b\u0119dzie rozpatrywa\u0107 skargi klient\u00f3w co najmniej raz w roku i dostarcza\u0107 raport zawieraj\u0105cy analiz\u0119 rodzaj\u00f3w skarg, ich przyczyn i znalezionych \u015brodk\u00f3w naprawczych, wraz z mo\u017cliwymi do zidentyfikowania trendami. Raport ten b\u0119dzie stanowi\u0142 cz\u0119\u015b\u0107 og\u00f3lnego rocznego przegl\u0105du danych dotycz\u0105cych ryzyka przeprowadzanych przez Zarz\u0105dzaj\u0105cego Ryzykiem.<\/p>\n<p>Wyznaczone Organy Rozpatrywania Za\u017cale\u0144<\/p>\n<p>Orzeczenie Wyznaczonego Rozpatruj\u0105cego Reklamacje zostanie przyj\u0119te przez Praktyk\u0119 w odniesieniu do zasadno\u015bci reklamacji, odpowiedzi udzielanych przez Praktyk\u0119 oraz oferowanych \u015brodk\u00f3w odwo\u0142awczych.<\/p>\n<p>Skargi na Wyznaczon\u0105 osob\u0119 zajmuj\u0105c\u0105 si\u0119 za\u017caleniami<\/p>\n<p>W przypadku z\u0142o\u017cenia reklamacji na Wyznaczonego Obs\u0142ugi Reklamacji klient zostanie poproszony o kontakt z Zast\u0119pc\u0105 Wyznaczonego Obs\u0142ugi Reklamacji, kt\u00f3ry b\u0119dzie odpowiedzialny za rozpatrzenie reklamacji zgodnie z niniejsz\u0105 procedur\u0105.<\/p>\n<p>Odpowiedzialno\u015b\u0107<\/p>\n<p>Odpowiedzialno\u015b\u0107 za procedur\u0119 reklamacyjn\u0105 Kancelarii, w tym udokumentowany przegl\u0105d co najmniej raz w roku w celu:<\/p>\n<ul>\n<li>Upewnij si\u0119, \u017ce nadal spe\u0142nia wymagania Praktyki, jej klient\u00f3w i regulator\u00f3w<\/li>\n<li>Sprawd\u017a, czy dzia\u0142a skutecznie w ca\u0142ej praktyce.<\/li>\n<\/ul>\n<p><strong>Jak z\u0142o\u017cy\u0107 skarg\u0119<\/strong><\/p>\n<p>Klienci maj\u0105 prawo wiedzie\u0107, jak z\u0142o\u017cy\u0107 reklamacj\u0119 i \u017ce zostanie ona rozpatrzona szybko, uczciwie i skutecznie.<\/p>\n<p>Klient musi zosta\u0107 poinformowany na pi\u015bmie na samym pocz\u0105tku:<\/p>\n<ul>\n<li>\u017be w razie problemu klientowi przys\u0142uguje prawo do z\u0142o\u017cenia reklamacji<\/li>\n<li>Do kogo klient powinien z\u0142o\u017cy\u0107 skarg\u0119 \u2013 nasz wyznaczony do obs\u0142ugi skarg lub zast\u0119pca wyznaczonego doradcy ds. skarg<\/li>\n<li>\u017be mo\u017ce to obejmowa\u0107 skarg\u0119 na rachunek Praktyki<\/li>\n<li>\u017ce mo\u017ce r\u00f3wnie\u017c istnie\u0107 prawo do sprzeciwu wobec projektu, sk\u0142adaj\u0105c skarg\u0119 do Rzecznika Praw Obywatelskich i\/lub wyst\u0119puj\u0105c do s\u0105du o ocen\u0119 projektu zgodnie z Cz\u0119\u015bci\u0105 III ustawy o radcach prawnych z 1974 r.<\/li>\n<li>\u017be je\u015bli ca\u0142o\u015b\u0107 lub cz\u0119\u015b\u0107 rachunku nie zostanie zap\u0142acona, Praktyka mo\u017ce by\u0107 uprawniona do naliczenia odsetek<\/li>\n<li>Czy kopia naszej pisemnej procedury reklamacyjnej jest dost\u0119pna na \u017c\u0105danie<\/li>\n<li>Rola Rzecznika Praw Obywatelskich<\/li>\n<li>Dane kontaktowe do Rzecznika Praw Obywatelskich<\/li>\n<\/ul>\n<p><strong>Urz\u0119dnik wyznaczony<\/strong><\/p>\n<h3>Mulazam Hussain<\/h3>\n<h3>Radca prawny Anglii i Walii<\/h3>\n<p>0203 432 7706<br \/>\ninfo@lawlex.co.uk[\/vc_column_text][\/vc_column][\/vc_row]<\/p>\n","protected":false},"excerpt":{"rendered":"<p>[vc_row][vc_column][vc_column_text]Je\u015bli jeste\u015b niezadowolony z jakichkolwiek aspekt\u00f3w us\u0142ugi, kt\u00f3r\u0105 otrzyma\u0142e\u015b, lub rachunku, wa\u017cne jest, aby\u015b nas o tym powiadomi\u0142 tak szybko, jak to mo\u017cliwe. Ufamy, \u017ce b\u0119dziemy w stanie rozwi\u0105za\u0107 wszelkie problemy, z kt\u00f3rych jeste\u015bcie niezadowoleni mi\u0119dzy nami. Powiniene\u015b najpierw napisa\u0107 do g\u0142\u00f3wnego radcy prawnego w LawLex Solicitors ze szczeg\u00f3\u0142owym opisem charakteru swojej skargi. Nast\u0119pnie udzieli&hellip;<\/p>\n","protected":false},"author":2,"featured_media":0,"parent":0,"menu_order":0,"comment_status":"closed","ping_status":"closed","template":"","meta":{"footnotes":""},"class_list":["post-7161","page","type-page","status-publish","hentry","description-off"],"yoast_head":"<!-- This site is optimized with the Yoast SEO plugin v17.8 - https:\/\/yoast.com\/wordpress\/plugins\/seo\/ -->\n<title>Procedura rozpatrywania skarg - Lawlex Solicitors<\/title>\n<meta name=\"robots\" content=\"index, follow, max-snippet:-1, max-image-preview:large, max-video-preview:-1\" \/>\n<link rel=\"canonical\" href=\"https:\/\/lawlex.co.uk\/pl\/procedura-rozpatrywania-skarg\/\" \/>\n<meta property=\"og:locale\" content=\"pl_PL\" \/>\n<meta property=\"og:type\" content=\"article\" \/>\n<meta property=\"og:title\" content=\"Procedura rozpatrywania skarg - Lawlex Solicitors\" \/>\n<meta property=\"og:description\" content=\"[vc_row][vc_column][vc_column_text]Je\u015bli jeste\u015b niezadowolony z jakichkolwiek aspekt\u00f3w us\u0142ugi, kt\u00f3r\u0105 otrzyma\u0142e\u015b, lub rachunku, wa\u017cne jest, aby\u015b nas o tym powiadomi\u0142 tak szybko, jak to mo\u017cliwe. Ufamy, \u017ce b\u0119dziemy w stanie rozwi\u0105za\u0107 wszelkie problemy, z kt\u00f3rych jeste\u015bcie niezadowoleni mi\u0119dzy nami. Powiniene\u015b najpierw napisa\u0107 do g\u0142\u00f3wnego radcy prawnego w LawLex Solicitors ze szczeg\u00f3\u0142owym opisem charakteru swojej skargi. Nast\u0119pnie udzieli&hellip;\" \/>\n<meta property=\"og:url\" content=\"https:\/\/lawlex.co.uk\/pl\/procedura-rozpatrywania-skarg\/\" \/>\n<meta property=\"og:site_name\" content=\"Lawlex Solicitors\" \/>\n<meta property=\"article:modified_time\" content=\"2021-12-29T19:42:30+00:00\" \/>\n<meta name=\"twitter:card\" content=\"summary_large_image\" \/>\n<meta name=\"twitter:label1\" content=\"Szacowany czas czytania\" \/>\n\t<meta name=\"twitter:data1\" content=\"8 minut\" \/>\n<script type=\"application\/ld+json\" class=\"yoast-schema-graph\">{\"@context\":\"https:\/\/schema.org\",\"@graph\":[{\"@type\":\"WebSite\",\"@id\":\"https:\/\/lawlex.co.uk\/#website\",\"url\":\"https:\/\/lawlex.co.uk\/\",\"name\":\"Lawlex Solicitors\",\"description\":\"London Based Law firm\",\"potentialAction\":[{\"@type\":\"SearchAction\",\"target\":{\"@type\":\"EntryPoint\",\"urlTemplate\":\"https:\/\/lawlex.co.uk\/?s={search_term_string}\"},\"query-input\":\"required name=search_term_string\"}],\"inLanguage\":\"pl-PL\"},{\"@type\":\"WebPage\",\"@id\":\"https:\/\/lawlex.co.uk\/pl\/procedura-rozpatrywania-skarg\/#webpage\",\"url\":\"https:\/\/lawlex.co.uk\/pl\/procedura-rozpatrywania-skarg\/\",\"name\":\"Procedura rozpatrywania skarg - Lawlex Solicitors\",\"isPartOf\":{\"@id\":\"https:\/\/lawlex.co.uk\/#website\"},\"datePublished\":\"2021-12-29T19:42:29+00:00\",\"dateModified\":\"2021-12-29T19:42:30+00:00\",\"breadcrumb\":{\"@id\":\"https:\/\/lawlex.co.uk\/pl\/procedura-rozpatrywania-skarg\/#breadcrumb\"},\"inLanguage\":\"pl-PL\",\"potentialAction\":[{\"@type\":\"ReadAction\",\"target\":[\"https:\/\/lawlex.co.uk\/pl\/procedura-rozpatrywania-skarg\/\"]}]},{\"@type\":\"BreadcrumbList\",\"@id\":\"https:\/\/lawlex.co.uk\/pl\/procedura-rozpatrywania-skarg\/#breadcrumb\",\"itemListElement\":[{\"@type\":\"ListItem\",\"position\":1,\"name\":\"Home\",\"item\":\"https:\/\/lawlex.co.uk\/pl\/\"},{\"@type\":\"ListItem\",\"position\":2,\"name\":\"Procedura rozpatrywania skarg\"}]}]}<\/script>\n<!-- \/ Yoast SEO plugin. -->","yoast_head_json":{"title":"Procedura rozpatrywania skarg - Lawlex Solicitors","robots":{"index":"index","follow":"follow","max-snippet":"max-snippet:-1","max-image-preview":"max-image-preview:large","max-video-preview":"max-video-preview:-1"},"canonical":"https:\/\/lawlex.co.uk\/pl\/procedura-rozpatrywania-skarg\/","og_locale":"pl_PL","og_type":"article","og_title":"Procedura rozpatrywania skarg - Lawlex Solicitors","og_description":"[vc_row][vc_column][vc_column_text]Je\u015bli jeste\u015b niezadowolony z jakichkolwiek aspekt\u00f3w us\u0142ugi, kt\u00f3r\u0105 otrzyma\u0142e\u015b, lub rachunku, wa\u017cne jest, aby\u015b nas o tym powiadomi\u0142 tak szybko, jak to mo\u017cliwe. Ufamy, \u017ce b\u0119dziemy w stanie rozwi\u0105za\u0107 wszelkie problemy, z kt\u00f3rych jeste\u015bcie niezadowoleni mi\u0119dzy nami. Powiniene\u015b najpierw napisa\u0107 do g\u0142\u00f3wnego radcy prawnego w LawLex Solicitors ze szczeg\u00f3\u0142owym opisem charakteru swojej skargi. Nast\u0119pnie udzieli&hellip;","og_url":"https:\/\/lawlex.co.uk\/pl\/procedura-rozpatrywania-skarg\/","og_site_name":"Lawlex Solicitors","article_modified_time":"2021-12-29T19:42:30+00:00","twitter_card":"summary_large_image","twitter_misc":{"Szacowany czas czytania":"8 minut"},"schema":{"@context":"https:\/\/schema.org","@graph":[{"@type":"WebSite","@id":"https:\/\/lawlex.co.uk\/#website","url":"https:\/\/lawlex.co.uk\/","name":"Lawlex Solicitors","description":"London Based Law firm","potentialAction":[{"@type":"SearchAction","target":{"@type":"EntryPoint","urlTemplate":"https:\/\/lawlex.co.uk\/?s={search_term_string}"},"query-input":"required name=search_term_string"}],"inLanguage":"pl-PL"},{"@type":"WebPage","@id":"https:\/\/lawlex.co.uk\/pl\/procedura-rozpatrywania-skarg\/#webpage","url":"https:\/\/lawlex.co.uk\/pl\/procedura-rozpatrywania-skarg\/","name":"Procedura rozpatrywania skarg - Lawlex Solicitors","isPartOf":{"@id":"https:\/\/lawlex.co.uk\/#website"},"datePublished":"2021-12-29T19:42:29+00:00","dateModified":"2021-12-29T19:42:30+00:00","breadcrumb":{"@id":"https:\/\/lawlex.co.uk\/pl\/procedura-rozpatrywania-skarg\/#breadcrumb"},"inLanguage":"pl-PL","potentialAction":[{"@type":"ReadAction","target":["https:\/\/lawlex.co.uk\/pl\/procedura-rozpatrywania-skarg\/"]}]},{"@type":"BreadcrumbList","@id":"https:\/\/lawlex.co.uk\/pl\/procedura-rozpatrywania-skarg\/#breadcrumb","itemListElement":[{"@type":"ListItem","position":1,"name":"Home","item":"https:\/\/lawlex.co.uk\/pl\/"},{"@type":"ListItem","position":2,"name":"Procedura rozpatrywania skarg"}]}]}},"_links":{"self":[{"href":"https:\/\/lawlex.co.uk\/pl\/wp-json\/wp\/v2\/pages\/7161","targetHints":{"allow":["GET"]}}],"collection":[{"href":"https:\/\/lawlex.co.uk\/pl\/wp-json\/wp\/v2\/pages"}],"about":[{"href":"https:\/\/lawlex.co.uk\/pl\/wp-json\/wp\/v2\/types\/page"}],"author":[{"embeddable":true,"href":"https:\/\/lawlex.co.uk\/pl\/wp-json\/wp\/v2\/users\/2"}],"replies":[{"embeddable":true,"href":"https:\/\/lawlex.co.uk\/pl\/wp-json\/wp\/v2\/comments?post=7161"}],"version-history":[{"count":2,"href":"https:\/\/lawlex.co.uk\/pl\/wp-json\/wp\/v2\/pages\/7161\/revisions"}],"predecessor-version":[{"id":7163,"href":"https:\/\/lawlex.co.uk\/pl\/wp-json\/wp\/v2\/pages\/7161\/revisions\/7163"}],"wp:attachment":[{"href":"https:\/\/lawlex.co.uk\/pl\/wp-json\/wp\/v2\/media?parent=7161"}],"curies":[{"name":"wp","href":"https:\/\/api.w.org\/{rel}","templated":true}]}}