{"id":7175,"date":"2021-12-29T20:12:11","date_gmt":"2021-12-29T20:12:11","guid":{"rendered":"https:\/\/lawlex.co.uk\/imigracyjne\/"},"modified":"2021-12-29T21:48:04","modified_gmt":"2021-12-29T21:48:04","slug":"imigracyjne","status":"publish","type":"page","link":"https:\/\/lawlex.co.uk\/pl\/imigracyjne\/","title":{"rendered":"imigracyjne"},"content":{"rendered":"<p>[vc_row content_placement=&#8221;middle&#8221; css=&#8221;.vc_custom_1575390546273{padding-top: 55px !important;padding-bottom: 55px !important;}&#8221;][vc_column][vc_row_inner equal_height=&#8221;yes&#8221; content_placement=&#8221;middle&#8221;][vc_column_inner css=&#8221;.vc_custom_1575390506246{margin-top: 30px !important;margin-bottom: 30px !important;}&#8221;][vc_column_text]Zesp\u00f3\u0142 ekspert\u00f3w ds. imigracji w kancelarii LawLex Solicitors ma wieloletnie do\u015bwiadczenie w pomaganiu osobom fizycznym i firmom w ich prostych lub z\u0142o\u017conych sprawach imigracyjnych. Je\u015bli chcesz przyjecha\u0107 do Wielkiej Brytanii, aby po\u0142\u0105czy\u0107 si\u0119 z ukochan\u0105 osob\u0105, obawiasz si\u0119 prze\u015bladowa\u0144 lub chcesz zakwestionowa\u0107 decyzj\u0119 Ministerstwa Spraw Wewn\u0119trznych w s\u0105dzie, nasz zesp\u00f3\u0142 prawnik\u00f3w zajmuj\u0105cy si\u0119 imigracj\u0105 b\u0119dzie najlepszym wyborem.<\/p>\n<p>Je\u015bli pr\u00f3bujesz sprowadzi\u0107 swoj\u0105 rodzin\u0119 do Wielkiej Brytanii, chcesz tu studiowa\u0107, za\u0142o\u017cy\u0107 firm\u0119 lub grozi ci deportacja, zaufaj naszym ekspertom prawnym, a oni zajm\u0105 si\u0119 Twoj\u0105 spraw\u0105 imigracyjn\u0105. Prawo i wymagania s\u0105 bardzo z\u0142o\u017cone i regularnie si\u0119 zmieniaj\u0105. Nawet je\u015bli angielski jest Twoim pierwszym j\u0119zykiem, trudno jest poradzi\u0107 sobie z dokumentami i wymogami prawnymi bez pomocy prawnika.[\/vc_column_text][vc_empty_space height=&#8221;20px&#8221;]<blockquote class=\"text-big shortcode-blockquote block-style-widget\"><p>Jeste\u015bmy wieloj\u0119zyczni, nasi eksperci mog\u0105 doradza\u0107 klientom m\u00f3wi\u0105cym po angielsku, gruzi\u0144sku, rosyjsku, chi\u0144sku, persku i w j\u0119zyku urdu.<\/p>\n<\/blockquote>[vc_single_image image=&#8221;7112&#8243; img_size=&#8221;full&#8221; css=&#8221;.vc_custom_1640584627787{margin-top: 20px !important;}&#8221;][\/vc_column_inner][\/vc_row_inner][\/vc_column][\/vc_row][vc_row css=&#8221;.vc_custom_1614544557537{margin-bottom: 50px !important;}&#8221;][vc_column][vc_column_text]<strong>Mamy do\u015bwiadczenie<\/strong> \u2013 W LawLex, prawnicy imigracyjni pomagaj\u0105 ludziom w przybyciu do Wielkiej Brytanii i pozostaniu od wielu lat.<\/p>\n<p><strong>Jeste\u015bmy na bie\u017c\u0105co<\/strong> \u2013 Naszym najwy\u017cszym priorytetem jest by\u0107 na bie\u017c\u0105co z ci\u0105g\u0142ymi zmianami w prawie imigracyjnym i prawodawstwie UE.<\/p>\n<p><strong>Wys\u0142uchamy Ci\u0119<\/strong> \u2013 wiemy, \u017ce ka\u017cdy przypadek imigracyjny jest inny i nie ma jednego rozwi\u0105zania, kt\u00f3re by\u0142oby idealne dla wszystkich. Nasi doradcy imigracyjni zawsze wys\u0142uchaj\u0105 Twojej sytuacji i doradz\u0105 Ci odpowiednio do okoliczno\u015bci.<\/p>\n<p><strong>M\u00f3wimy w wielu j\u0119zykach<\/strong> \u2013 je\u015bli nie znasz j\u0119zyka angielskiego, upewnimy si\u0119, \u017ce mamy pod r\u0119k\u0105 kogo\u015b, kto mo\u017ce t\u0142umaczy\u0107. W LawLex Solicitors m\u00f3wimy w j\u0119zyku angielskim, gruzi\u0144skim, rosyjskim, urdu, chi\u0144skim i perskim[\/vc_column_text][\/vc_column][\/vc_row][vc_row css=&#8221;.vc_custom_1614547508085{margin-bottom: 20px !important;}&#8221;][vc_column]<div id=\"ultimate-heading-780169f0f8da3ffd2\" class=\"uvc-heading ult-adjust-bottom-margin ultimate-heading-780169f0f8da3ffd2 uvc-2976  uvc-heading-default-font-sizes\" data-hspacer=\"no_spacer\"  data-halign=\"center\" style=\"text-align:center\"><div class=\"uvc-heading-spacer no_spacer\" style=\"top\"><\/div><div class=\"uvc-main-heading ult-responsive\"  data-ultimate-target='.uvc-heading.ultimate-heading-780169f0f8da3ffd2 h2'  data-responsive-json-new='{\"font-size\":\"\",\"line-height\":\"\"}' ><h2 style=\"--font-weight:theme;\">Dziedziny prawa, kt\u00f3rymi si\u0119 zajmujemy<\/h2><\/div><\/div>[\/vc_column][\/vc_row][vc_row][vc_column width=&#8221;1\/2&#8243;][vc_column_text]<strong>Osobiste sprawy dotycz\u0105ce imigracji<\/strong><\/p>\n<ul>\n<li>Wniosek dotycz\u0105cy rodzic\u00f3w, ma\u0142\u017conk\u00f3w, partner\u00f3w i dzieci<\/li>\n<li>Odprawa wizowa dla wsp\u00f3\u0142ma\u0142\u017conka \/ partnera<\/li>\n<li>Aplikacje oparte na dzieciach<\/li>\n<li>Przed\u0142u\u017cenie wizy ma\u0142\u017ce\u0144skiej<\/li>\n<li>Wnioski o ugod\u0119 \/ bezterminowy urlop na pobyt<\/li>\n<li>Naturalizacja dla obywatelstwa brytyjskiego, narodowo\u015b\u0107<\/li>\n<li>Status EOG przed osiedleniem si\u0119, status osoby osiedlonej, karta sta\u0142ego pobytu<\/li>\n<li>Wnioski dotycz\u0105ce praw cz\u0142owieka<\/li>\n<li>Wniosek o azyl<\/li>\n<li>Wnioski o odpraw\u0119 wjazdow\u0105<\/li>\n<li>Zatrzymanie, kaucja, nakazy s\u0105dowe<\/li>\n<li>Brytyjska wiza wizytowa<\/li>\n<li>Poziom 4 \u2013 Wiza studencka<\/li>\n<li>Przegl\u0105d administracyjny<\/li>\n<li>przegl\u0105d prawny<\/li>\n<li>Apelacje<\/li>\n<\/ul>\n<p>[\/vc_column_text][\/vc_column][vc_column width=&#8221;1\/2&#8243;][vc_column_text]<strong>Biznesowe sprawy dotycz\u0105ce imigracji<\/strong><\/p>\n<ul>\n<li>Nowy system punktowy<\/li>\n<li>Wiza dla inwestor\u00f3w<\/li>\n<li>Wiza dla innowator\u00f3w<\/li>\n<li>Wiza dla pocz\u0105tkuj\u0105cych firm<\/li>\n<li>Wnioski dotycz\u0105ce systemu opartego na punktach<\/li>\n<li>Jak zosta\u0107 zatwierdzonym licencjonowanym sponsorem<\/li>\n<li>Poziom 1 \u2013 Wyj\u0105tkowy talent<\/li>\n<li>Poziom 2 &#8211; Transfer wewn\u0105trz firmy<\/li>\n<li>Poziom 2 \u2013 Osoby duchowne<\/li>\n<li>Poziom 2 \u2013 Pozwolenie na prac\u0119 dla pracownik\u00f3w niewykwalifikowanych<\/li>\n<li>Poziom 5 \u2013 Program Mobilno\u015bci Pracownik\u00f3w Tymczasowych<\/li>\n<\/ul>\n<p>[\/vc_column_text][\/vc_column][\/vc_row][vc_row css=&#8221;.vc_custom_1614547553005{margin-top: 20px !important;margin-bottom: 50px !important;}&#8221;][vc_column][vc_column_text]Wiemy, \u017ce ka\u017cda kwestia prawna jest trudna i stresuj\u0105ca. W LawLex Solicitors chcemy by\u0107 wyj\u0105tkowi, dlatego starannie dopasowujemy nasze porady do indywidualnych potrzeb i staramy si\u0119 zapewnia\u0107 jak najlepsze rezultaty. Aby porozmawia\u0107 z cz\u0142onkiem naszego zespo\u0142u prawnego, zadzwo\u0144 do nas pod numer 0203 432 7706 lub skontaktuj si\u0119 z nami online w tej witrynie, a my oddzwonimy.[\/vc_column_text][\/vc_column][\/vc_row][vc_row full_width=&#8221;stretch_row&#8221; css=&#8221;.vc_custom_1614545150354{padding-top: 40px !important;padding-bottom: 60px !important;background-color: #215f96 !important;}&#8221;][vc_column offset=&#8221;vc_col-lg-offset-2 vc_col-lg-8 vc_col-md-offset-2 vc_col-md-8 vc_col-sm-offset-0 vc_col-xs-12&#8243;]<div id=\"ultimate-heading-949469f0f8da40022\" class=\"uvc-heading ult-adjust-bottom-margin ultimate-heading-949469f0f8da40022 uvc-8704  uvc-heading-default-font-sizes\" data-hspacer=\"no_spacer\"  data-halign=\"center\" style=\"text-align:center\"><div class=\"uvc-heading-spacer no_spacer\" style=\"top\"><\/div><div class=\"uvc-main-heading ult-responsive\"  data-ultimate-target='.uvc-heading.ultimate-heading-949469f0f8da40022 h2'  data-responsive-json-new='{\"font-size\":\"\",\"line-height\":\"\"}' ><h2 style=\"font-weight:bold;color:#ffffff;margin-bottom:15px;\">Doradztwo prawne dostosowane do Twoich potrzeb<\/h2><\/div><div class=\"uvc-sub-heading ult-responsive\"  data-ultimate-target='.uvc-heading.ultimate-heading-949469f0f8da40022 .uvc-sub-heading '  data-responsive-json-new='{\"font-size\":\"\",\"line-height\":\"\"}'  style=\"font-weight:normal;color:rgba(255,255,255,0.7);margin-bottom:30px;\">Po\u015bpiesz si\u0119! Skontaktuj si\u0119 z nami ju\u017c dzi\u015b i uzyskaj bezp\u0142atn\u0105 konsultacj\u0119<\/div><\/div>[vc_raw_html css=&#8221;.vc_custom_1614545138112{margin-top: -20px !important;}&#8221;]PGRpdiBjbGFzcz0iYnV0dG9uLWJvb2stYmlnIj48YSBjbGFzcz0iYXBwb2ludGVkZC1ib29raW5nLXBvcG92ZXIiIGFwLWFwcGlkPSI1ZDRkNThiYjIyOTZlMTZjYWUyMzI3YzUiIGNsYXNzPSJidXR0b24tYm9vay1iaWciPjxidXR0b24gY2xhc3M9ImJvb2stYnV0dG9uIGJpZy1idXR0b24xIiA+PGkgY2xhc3M9ImZhcyBmYS1oYW5kc2hha2UiIGlkPSJoYW5kc2hha2UtaGVhZGVyIj48L2k+Qm9vayBBcHBvaW50bWVudDwvYnV0dG9uPjwvYT48L2Rpdj4NCg==[\/vc_raw_html][\/vc_column][\/vc_row]<\/p>\n","protected":false},"excerpt":{"rendered":"<p>[vc_row content_placement=&#8221;middle&#8221; css=&#8221;.vc_custom_1575390546273{padding-top: 55px !important;padding-bottom: 55px !important;}&#8221;][vc_column][vc_row_inner equal_height=&#8221;yes&#8221; content_placement=&#8221;middle&#8221;][vc_column_inner css=&#8221;.vc_custom_1575390506246{margin-top: 30px !important;margin-bottom: 30px !important;}&#8221;][vc_column_text]Zesp\u00f3\u0142 ekspert\u00f3w ds. imigracji w kancelarii LawLex Solicitors ma wieloletnie do\u015bwiadczenie w pomaganiu osobom fizycznym i firmom w ich prostych lub z\u0142o\u017conych sprawach imigracyjnych. Je\u015bli chcesz przyjecha\u0107 do Wielkiej Brytanii, aby po\u0142\u0105czy\u0107 si\u0119 z ukochan\u0105 osob\u0105, obawiasz si\u0119 prze\u015bladowa\u0144 lub chcesz zakwestionowa\u0107&hellip;<\/p>\n","protected":false},"author":2,"featured_media":0,"parent":0,"menu_order":60,"comment_status":"closed","ping_status":"closed","template":"","meta":{"footnotes":""},"class_list":["post-7175","page","type-page","status-publish","hentry","description-off"],"yoast_head":"<!-- This site is optimized with the Yoast SEO plugin v17.8 - https:\/\/yoast.com\/wordpress\/plugins\/seo\/ -->\n<title>Best Immigration Advisory Service | Lawyers, London. UK<\/title>\n<meta name=\"description\" content=\"LawLex Solicitors are the best immigration lawyers &amp; consultants in London, UK. Our services include advice, immigration and student visa. Call us.\" \/>\n<meta name=\"robots\" content=\"index, follow, max-snippet:-1, max-image-preview:large, max-video-preview:-1\" \/>\n<link rel=\"canonical\" href=\"https:\/\/lawlex.co.uk\/pl\/imigracyjne\/\" \/>\n<meta property=\"og:locale\" content=\"pl_PL\" \/>\n<meta property=\"og:type\" content=\"article\" \/>\n<meta property=\"og:title\" content=\"Best Immigration Advisory Service | Lawyers, London. UK\" \/>\n<meta property=\"og:description\" content=\"LawLex Solicitors are the best immigration lawyers &amp; consultants in London, UK. Our services include advice, immigration and student visa. Call us.\" \/>\n<meta property=\"og:url\" content=\"https:\/\/lawlex.co.uk\/pl\/imigracyjne\/\" \/>\n<meta property=\"og:site_name\" content=\"Lawlex Solicitors\" \/>\n<meta property=\"article:modified_time\" content=\"2021-12-29T21:48:04+00:00\" \/>\n<meta name=\"twitter:card\" content=\"summary_large_image\" \/>\n<meta name=\"twitter:label1\" content=\"Szacowany czas czytania\" \/>\n\t<meta name=\"twitter:data1\" content=\"4 minuty\" \/>\n<script type=\"application\/ld+json\" class=\"yoast-schema-graph\">{\"@context\":\"https:\/\/schema.org\",\"@graph\":[{\"@type\":\"WebSite\",\"@id\":\"https:\/\/lawlex.co.uk\/#website\",\"url\":\"https:\/\/lawlex.co.uk\/\",\"name\":\"Lawlex Solicitors\",\"description\":\"London Based Law firm\",\"potentialAction\":[{\"@type\":\"SearchAction\",\"target\":{\"@type\":\"EntryPoint\",\"urlTemplate\":\"https:\/\/lawlex.co.uk\/?s={search_term_string}\"},\"query-input\":\"required name=search_term_string\"}],\"inLanguage\":\"pl-PL\"},{\"@type\":\"WebPage\",\"@id\":\"https:\/\/lawlex.co.uk\/pl\/imigracyjne\/#webpage\",\"url\":\"https:\/\/lawlex.co.uk\/pl\/imigracyjne\/\",\"name\":\"Best Immigration Advisory Service | Lawyers, London. UK\",\"isPartOf\":{\"@id\":\"https:\/\/lawlex.co.uk\/#website\"},\"datePublished\":\"2021-12-29T20:12:11+00:00\",\"dateModified\":\"2021-12-29T21:48:04+00:00\",\"description\":\"LawLex Solicitors are the best immigration lawyers & consultants in London, UK. Our services include advice, immigration and student visa. Call us.\",\"breadcrumb\":{\"@id\":\"https:\/\/lawlex.co.uk\/pl\/imigracyjne\/#breadcrumb\"},\"inLanguage\":\"pl-PL\",\"potentialAction\":[{\"@type\":\"ReadAction\",\"target\":[\"https:\/\/lawlex.co.uk\/pl\/imigracyjne\/\"]}]},{\"@type\":\"BreadcrumbList\",\"@id\":\"https:\/\/lawlex.co.uk\/pl\/imigracyjne\/#breadcrumb\",\"itemListElement\":[{\"@type\":\"ListItem\",\"position\":1,\"name\":\"Home\",\"item\":\"https:\/\/lawlex.co.uk\/pl\/\"},{\"@type\":\"ListItem\",\"position\":2,\"name\":\"imigracyjne\"}]}]}<\/script>\n<!-- \/ Yoast SEO plugin. -->","yoast_head_json":{"title":"Best Immigration Advisory Service | Lawyers, London. UK","description":"LawLex Solicitors are the best immigration lawyers & consultants in London, UK. Our services include advice, immigration and student visa. Call us.","robots":{"index":"index","follow":"follow","max-snippet":"max-snippet:-1","max-image-preview":"max-image-preview:large","max-video-preview":"max-video-preview:-1"},"canonical":"https:\/\/lawlex.co.uk\/pl\/imigracyjne\/","og_locale":"pl_PL","og_type":"article","og_title":"Best Immigration Advisory Service | Lawyers, London. UK","og_description":"LawLex Solicitors are the best immigration lawyers & consultants in London, UK. Our services include advice, immigration and student visa. Call us.","og_url":"https:\/\/lawlex.co.uk\/pl\/imigracyjne\/","og_site_name":"Lawlex Solicitors","article_modified_time":"2021-12-29T21:48:04+00:00","twitter_card":"summary_large_image","twitter_misc":{"Szacowany czas czytania":"4 minuty"},"schema":{"@context":"https:\/\/schema.org","@graph":[{"@type":"WebSite","@id":"https:\/\/lawlex.co.uk\/#website","url":"https:\/\/lawlex.co.uk\/","name":"Lawlex Solicitors","description":"London Based Law firm","potentialAction":[{"@type":"SearchAction","target":{"@type":"EntryPoint","urlTemplate":"https:\/\/lawlex.co.uk\/?s={search_term_string}"},"query-input":"required name=search_term_string"}],"inLanguage":"pl-PL"},{"@type":"WebPage","@id":"https:\/\/lawlex.co.uk\/pl\/imigracyjne\/#webpage","url":"https:\/\/lawlex.co.uk\/pl\/imigracyjne\/","name":"Best Immigration Advisory Service | Lawyers, London. UK","isPartOf":{"@id":"https:\/\/lawlex.co.uk\/#website"},"datePublished":"2021-12-29T20:12:11+00:00","dateModified":"2021-12-29T21:48:04+00:00","description":"LawLex Solicitors are the best immigration lawyers & consultants in London, UK. Our services include advice, immigration and student visa. Call us.","breadcrumb":{"@id":"https:\/\/lawlex.co.uk\/pl\/imigracyjne\/#breadcrumb"},"inLanguage":"pl-PL","potentialAction":[{"@type":"ReadAction","target":["https:\/\/lawlex.co.uk\/pl\/imigracyjne\/"]}]},{"@type":"BreadcrumbList","@id":"https:\/\/lawlex.co.uk\/pl\/imigracyjne\/#breadcrumb","itemListElement":[{"@type":"ListItem","position":1,"name":"Home","item":"https:\/\/lawlex.co.uk\/pl\/"},{"@type":"ListItem","position":2,"name":"imigracyjne"}]}]}},"_links":{"self":[{"href":"https:\/\/lawlex.co.uk\/pl\/wp-json\/wp\/v2\/pages\/7175","targetHints":{"allow":["GET"]}}],"collection":[{"href":"https:\/\/lawlex.co.uk\/pl\/wp-json\/wp\/v2\/pages"}],"about":[{"href":"https:\/\/lawlex.co.uk\/pl\/wp-json\/wp\/v2\/types\/page"}],"author":[{"embeddable":true,"href":"https:\/\/lawlex.co.uk\/pl\/wp-json\/wp\/v2\/users\/2"}],"replies":[{"embeddable":true,"href":"https:\/\/lawlex.co.uk\/pl\/wp-json\/wp\/v2\/comments?post=7175"}],"version-history":[{"count":3,"href":"https:\/\/lawlex.co.uk\/pl\/wp-json\/wp\/v2\/pages\/7175\/revisions"}],"predecessor-version":[{"id":7178,"href":"https:\/\/lawlex.co.uk\/pl\/wp-json\/wp\/v2\/pages\/7175\/revisions\/7178"}],"wp:attachment":[{"href":"https:\/\/lawlex.co.uk\/pl\/wp-json\/wp\/v2\/media?parent=7175"}],"curies":[{"name":"wp","href":"https:\/\/api.w.org\/{rel}","templated":true}]}}