{"id":7210,"date":"2021-12-29T22:07:18","date_gmt":"2021-12-29T22:07:18","guid":{"rendered":"https:\/\/lawlex.co.uk\/windykacja\/"},"modified":"2021-12-29T22:08:38","modified_gmt":"2021-12-29T22:08:38","slug":"windykacja","status":"publish","type":"page","link":"https:\/\/lawlex.co.uk\/pl\/windykacja\/","title":{"rendered":"Windykacja"},"content":{"rendered":"<p>[vc_row content_placement=&#8221;middle&#8221; css=&#8221;.vc_custom_1575390546273{padding-top: 55px !important;padding-bottom: 55px !important;}&#8221;][vc_column][vc_row_inner equal_height=&#8221;yes&#8221; content_placement=&#8221;middle&#8221;][vc_column_inner css=&#8221;.vc_custom_1575390506246{margin-top: 30px !important;margin-bottom: 30px !important;}&#8221;][vc_column_text]Zesp\u00f3\u0142 LawLex Solicitors mo\u017ce pom\u00f3c, doradzaj\u0105c w kwestii odzyskiwania d\u0142ug\u00f3w, aby zminimalizowa\u0107 negatywny wp\u0142yw, jaki zaleg\u0142y d\u0142ug mo\u017ce mie\u0107 na Ciebie lub Twoj\u0105 firm\u0119. S\u0142u\u017cymy rad\u0105 i pomoc\u0105, aby Twoje interesy by\u0142y chronione przez kogo\u015b, kto zna si\u0119 na tym procesie i komu mo\u017cesz zaufa\u0107.<\/p>\n<p>Rozumiemy, \u017ce niesp\u0142acony d\u0142ug mo\u017ce mie\u0107 wp\u0142yw na bezpiecze\u0144stwo finansowe Twoje lub Twojej firmy, dlatego konieczne jest szybkie i skuteczne odzyskanie pieni\u0119dzy. Nasi prawnicy s\u0105 najlepiej przygotowani do pomocy w takim procesie.[\/vc_column_text][vc_empty_space height=&#8221;20px&#8221;]<blockquote class=\"text-big shortcode-blockquote block-style-widget\"><p>Jeste\u015bmy wieloj\u0119zyczni, nasi eksperci mog\u0105 doradza\u0107 klientom m\u00f3wi\u0105cym po angielsku, gruzi\u0144sku, rosyjsku, urdu, chi\u0144skim i perskim.<\/p>\n<\/blockquote>[vc_empty_space height=&#8221;20px&#8221;][vc_column_text]<br \/>\nSkontaktuj si\u0119 z nami, aby uzyska\u0107 wi\u0119cej informacji lub um\u00f3wi\u0107 si\u0119 na konsultacj\u0119. Nasi eksperci mog\u0105 doradzi\u0107 zgodnie z prawem Anglii i Walii. Nasz zesp\u00f3\u0142 mo\u017ce poprowadzi\u0107 Ci\u0119 przez opcje i upewni\u0107 si\u0119, \u017ce Twoje odsetki s\u0105 zabezpieczone, a nale\u017cna kwota zostanie Ci niezw\u0142ocznie wyp\u0142acona.<br \/>\n[\/vc_column_text][vc_single_image image=&#8221;7111&#8243; img_size=&#8221;full&#8221; css=&#8221;.vc_custom_1640582044324{margin-top: 20px !important;}&#8221;][\/vc_column_inner][\/vc_row_inner][\/vc_column][\/vc_row][vc_row css=&#8221;.vc_custom_1614544557537{margin-bottom: 50px !important;}&#8221;][vc_column width=&#8221;1\/2&#8243;][vc_column_text]<\/p>\n<ul>\n<li>Nieprzestrzeganie warunk\u00f3w umowy<\/li>\n<li>Pismo ostrzegawcze<\/li>\n<li>Obs\u0142uga \u017c\u0105da\u0144 ustawowych<\/li>\n<li>Porady dotycz\u0105ce wykonania orzeczenia<\/li>\n<li>Reprezentowanie w post\u0119powaniach s\u0105dowych<\/li>\n<\/ul>\n<p>[\/vc_column_text][\/vc_column][vc_column width=&#8221;1\/2&#8243;][vc_column_text]<\/p>\n<ul>\n<li>Akcje obrony<\/li>\n<li>Porady dotycz\u0105ce alternatywnego rozwi\u0105zywania spor\u00f3w<\/li>\n<li>Wniosek o otwarcie post\u0119powania likwidacyjnego<\/li>\n<li>Pe\u0142nomocnictwo w sprawie wykonywania orzecze\u0144<\/li>\n<li>I wiele wi\u0119cej<\/li>\n<\/ul>\n<p>[\/vc_column_text][\/vc_column][\/vc_row][vc_row css=&#8221;.vc_custom_1614544906989{margin-bottom: 50px !important;}&#8221;][vc_column][vc_column_text]Wiemy, \u017ce ka\u017cda kwestia prawna jest trudna i stresuj\u0105ca. W LawLex Solicitors chcemy by\u0107 wyj\u0105tkowi, dlatego starannie dopasowujemy nasze porady do indywidualnych potrzeb i staramy si\u0119 zapewnia\u0107 jak najlepsze rezultaty. Aby porozmawia\u0107 z cz\u0142onkiem naszego zespo\u0142u prawnego, zadzwo\u0144 do nas pod numer 0203 432 7706 lub skontaktuj si\u0119 z nami online w tej witrynie, a my oddzwonimy.[\/vc_column_text][\/vc_column][\/vc_row][vc_row full_width=&#8221;stretch_row&#8221; css=&#8221;.vc_custom_1614545150354{padding-top: 40px !important;padding-bottom: 60px !important;background-color: #215f96 !important;}&#8221;][vc_column offset=&#8221;vc_col-lg-offset-2 vc_col-lg-8 vc_col-md-offset-2 vc_col-md-8 vc_col-sm-offset-0 vc_col-xs-12&#8243;]<div id=\"ultimate-heading-50869eda72078794\" class=\"uvc-heading ult-adjust-bottom-margin ultimate-heading-50869eda72078794 uvc-510  uvc-heading-default-font-sizes\" data-hspacer=\"no_spacer\"  data-halign=\"center\" style=\"text-align:center\"><div class=\"uvc-heading-spacer no_spacer\" style=\"top\"><\/div><div class=\"uvc-main-heading ult-responsive\"  data-ultimate-target='.uvc-heading.ultimate-heading-50869eda72078794 h2'  data-responsive-json-new='{\"font-size\":\"\",\"line-height\":\"\"}' ><h2 style=\"font-weight:bold;color:#ffffff;margin-bottom:15px;\">Doradztwo prawne dostosowane do Twoich potrzeb<\/h2><\/div><div class=\"uvc-sub-heading ult-responsive\"  data-ultimate-target='.uvc-heading.ultimate-heading-50869eda72078794 .uvc-sub-heading '  data-responsive-json-new='{\"font-size\":\"\",\"line-height\":\"\"}'  style=\"font-weight:normal;color:rgba(255,255,255,0.7);margin-bottom:30px;\">Po\u015bpiesz si\u0119! Skontaktuj si\u0119 z nami ju\u017c dzi\u015b i uzyskaj bezp\u0142atn\u0105 konsultacj\u0119<\/div><\/div>[vc_raw_html css=&#8221;.vc_custom_1614545138112{margin-top: -20px !important;}&#8221;]PGRpdiBjbGFzcz0iYnV0dG9uLWJvb2stYmlnIj48YSBjbGFzcz0iYXBwb2ludGVkZC1ib29raW5nLXBvcG92ZXIiIGFwLWFwcGlkPSI1ZDRkNThiYjIyOTZlMTZjYWUyMzI3YzUiIGNsYXNzPSJidXR0b24tYm9vay1iaWciPjxidXR0b24gY2xhc3M9ImJvb2stYnV0dG9uIGJpZy1idXR0b24xIiA+PGkgY2xhc3M9ImZhcyBmYS1oYW5kc2hha2UiIGlkPSJoYW5kc2hha2UtaGVhZGVyIj48L2k+Qm9vayBBcHBvaW50bWVudDwvYnV0dG9uPjwvYT48L2Rpdj4NCg==[\/vc_raw_html][\/vc_column][\/vc_row]<\/p>\n","protected":false},"excerpt":{"rendered":"<p>[vc_row content_placement=&#8221;middle&#8221; css=&#8221;.vc_custom_1575390546273{padding-top: 55px !important;padding-bottom: 55px !important;}&#8221;][vc_column][vc_row_inner equal_height=&#8221;yes&#8221; content_placement=&#8221;middle&#8221;][vc_column_inner css=&#8221;.vc_custom_1575390506246{margin-top: 30px !important;margin-bottom: 30px !important;}&#8221;][vc_column_text]Zesp\u00f3\u0142 LawLex Solicitors mo\u017ce pom\u00f3c, doradzaj\u0105c w kwestii odzyskiwania d\u0142ug\u00f3w, aby zminimalizowa\u0107 negatywny wp\u0142yw, jaki zaleg\u0142y d\u0142ug mo\u017ce mie\u0107 na Ciebie lub Twoj\u0105 firm\u0119. S\u0142u\u017cymy rad\u0105 i pomoc\u0105, aby Twoje interesy by\u0142y chronione przez kogo\u015b, kto zna si\u0119 na tym procesie i&hellip;<\/p>\n","protected":false},"author":2,"featured_media":0,"parent":0,"menu_order":40,"comment_status":"closed","ping_status":"closed","template":"","meta":{"footnotes":""},"class_list":["post-7210","page","type-page","status-publish","hentry","description-off"],"yoast_head":"<!-- This site is optimized with the Yoast SEO plugin v17.8 - https:\/\/yoast.com\/wordpress\/plugins\/seo\/ -->\n<title>Personal Debt Settlement Solicitors | Debt Recovery Advice<\/title>\n<meta name=\"description\" content=\"Hire the best debt settlement lawyers for litigation and dispute resolution for commercial and personal purposes in London, UK. Quick debt recovery solicitors.\" \/>\n<meta name=\"robots\" content=\"index, follow, max-snippet:-1, max-image-preview:large, max-video-preview:-1\" \/>\n<link rel=\"canonical\" href=\"https:\/\/lawlex.co.uk\/pl\/windykacja\/\" \/>\n<meta property=\"og:locale\" content=\"pl_PL\" \/>\n<meta property=\"og:type\" content=\"article\" \/>\n<meta property=\"og:title\" content=\"Lawlex Solicitors - Windykacja\" \/>\n<meta property=\"og:description\" content=\"We can help and advise you on your debt recovery matter so you can minimise the impact outstanding debt can have on your or your business.\" \/>\n<meta property=\"og:url\" content=\"https:\/\/lawlex.co.uk\/pl\/windykacja\/\" \/>\n<meta property=\"og:site_name\" content=\"Lawlex Solicitors\" \/>\n<meta property=\"article:modified_time\" content=\"2021-12-29T22:08:38+00:00\" \/>\n<meta property=\"og:image\" content=\"https:\/\/lawlex.co.uk\/wp-content\/uploads\/2021\/09\/Lawlex-Debt-Revovery.png\" \/>\n<meta name=\"twitter:card\" content=\"summary_large_image\" \/>\n<meta name=\"twitter:label1\" content=\"Szacowany czas czytania\" \/>\n\t<meta name=\"twitter:data1\" content=\"3 minuty\" \/>\n<script type=\"application\/ld+json\" class=\"yoast-schema-graph\">{\"@context\":\"https:\/\/schema.org\",\"@graph\":[{\"@type\":\"WebSite\",\"@id\":\"https:\/\/lawlex.co.uk\/#website\",\"url\":\"https:\/\/lawlex.co.uk\/\",\"name\":\"Lawlex Solicitors\",\"description\":\"London Based Law firm\",\"potentialAction\":[{\"@type\":\"SearchAction\",\"target\":{\"@type\":\"EntryPoint\",\"urlTemplate\":\"https:\/\/lawlex.co.uk\/?s={search_term_string}\"},\"query-input\":\"required name=search_term_string\"}],\"inLanguage\":\"pl-PL\"},{\"@type\":\"ImageObject\",\"@id\":\"https:\/\/lawlex.co.uk\/pl\/windykacja\/#primaryimage\",\"inLanguage\":\"pl-PL\",\"url\":\"\",\"contentUrl\":\"\"},{\"@type\":\"WebPage\",\"@id\":\"https:\/\/lawlex.co.uk\/pl\/windykacja\/#webpage\",\"url\":\"https:\/\/lawlex.co.uk\/pl\/windykacja\/\",\"name\":\"Personal Debt Settlement Solicitors | Debt Recovery Advice\",\"isPartOf\":{\"@id\":\"https:\/\/lawlex.co.uk\/#website\"},\"datePublished\":\"2021-12-29T22:07:18+00:00\",\"dateModified\":\"2021-12-29T22:08:38+00:00\",\"description\":\"Hire the best debt settlement lawyers for litigation and dispute resolution for commercial and personal purposes in London, UK. Quick debt recovery solicitors.\",\"breadcrumb\":{\"@id\":\"https:\/\/lawlex.co.uk\/pl\/windykacja\/#breadcrumb\"},\"inLanguage\":\"pl-PL\",\"potentialAction\":[{\"@type\":\"ReadAction\",\"target\":[\"https:\/\/lawlex.co.uk\/pl\/windykacja\/\"]}]},{\"@type\":\"BreadcrumbList\",\"@id\":\"https:\/\/lawlex.co.uk\/pl\/windykacja\/#breadcrumb\",\"itemListElement\":[{\"@type\":\"ListItem\",\"position\":1,\"name\":\"Home\",\"item\":\"https:\/\/lawlex.co.uk\/pl\/\"},{\"@type\":\"ListItem\",\"position\":2,\"name\":\"Windykacja\"}]}]}<\/script>\n<!-- \/ Yoast SEO plugin. -->","yoast_head_json":{"title":"Personal Debt Settlement Solicitors | Debt Recovery Advice","description":"Hire the best debt settlement lawyers for litigation and dispute resolution for commercial and personal purposes in London, UK. Quick debt recovery solicitors.","robots":{"index":"index","follow":"follow","max-snippet":"max-snippet:-1","max-image-preview":"max-image-preview:large","max-video-preview":"max-video-preview:-1"},"canonical":"https:\/\/lawlex.co.uk\/pl\/windykacja\/","og_locale":"pl_PL","og_type":"article","og_title":"Lawlex Solicitors - Windykacja","og_description":"We can help and advise you on your debt recovery matter so you can minimise the impact outstanding debt can have on your or your business.","og_url":"https:\/\/lawlex.co.uk\/pl\/windykacja\/","og_site_name":"Lawlex Solicitors","article_modified_time":"2021-12-29T22:08:38+00:00","og_image":[{"url":"https:\/\/lawlex.co.uk\/wp-content\/uploads\/2021\/09\/Lawlex-Debt-Revovery.png"}],"twitter_card":"summary_large_image","twitter_misc":{"Szacowany czas czytania":"3 minuty"},"schema":{"@context":"https:\/\/schema.org","@graph":[{"@type":"WebSite","@id":"https:\/\/lawlex.co.uk\/#website","url":"https:\/\/lawlex.co.uk\/","name":"Lawlex Solicitors","description":"London Based Law firm","potentialAction":[{"@type":"SearchAction","target":{"@type":"EntryPoint","urlTemplate":"https:\/\/lawlex.co.uk\/?s={search_term_string}"},"query-input":"required name=search_term_string"}],"inLanguage":"pl-PL"},{"@type":"ImageObject","@id":"https:\/\/lawlex.co.uk\/pl\/windykacja\/#primaryimage","inLanguage":"pl-PL","url":"","contentUrl":""},{"@type":"WebPage","@id":"https:\/\/lawlex.co.uk\/pl\/windykacja\/#webpage","url":"https:\/\/lawlex.co.uk\/pl\/windykacja\/","name":"Personal Debt Settlement Solicitors | Debt Recovery Advice","isPartOf":{"@id":"https:\/\/lawlex.co.uk\/#website"},"datePublished":"2021-12-29T22:07:18+00:00","dateModified":"2021-12-29T22:08:38+00:00","description":"Hire the best debt settlement lawyers for litigation and dispute resolution for commercial and personal purposes in London, UK. Quick debt recovery solicitors.","breadcrumb":{"@id":"https:\/\/lawlex.co.uk\/pl\/windykacja\/#breadcrumb"},"inLanguage":"pl-PL","potentialAction":[{"@type":"ReadAction","target":["https:\/\/lawlex.co.uk\/pl\/windykacja\/"]}]},{"@type":"BreadcrumbList","@id":"https:\/\/lawlex.co.uk\/pl\/windykacja\/#breadcrumb","itemListElement":[{"@type":"ListItem","position":1,"name":"Home","item":"https:\/\/lawlex.co.uk\/pl\/"},{"@type":"ListItem","position":2,"name":"Windykacja"}]}]}},"_links":{"self":[{"href":"https:\/\/lawlex.co.uk\/pl\/wp-json\/wp\/v2\/pages\/7210","targetHints":{"allow":["GET"]}}],"collection":[{"href":"https:\/\/lawlex.co.uk\/pl\/wp-json\/wp\/v2\/pages"}],"about":[{"href":"https:\/\/lawlex.co.uk\/pl\/wp-json\/wp\/v2\/types\/page"}],"author":[{"embeddable":true,"href":"https:\/\/lawlex.co.uk\/pl\/wp-json\/wp\/v2\/users\/2"}],"replies":[{"embeddable":true,"href":"https:\/\/lawlex.co.uk\/pl\/wp-json\/wp\/v2\/comments?post=7210"}],"version-history":[{"count":3,"href":"https:\/\/lawlex.co.uk\/pl\/wp-json\/wp\/v2\/pages\/7210\/revisions"}],"predecessor-version":[{"id":7213,"href":"https:\/\/lawlex.co.uk\/pl\/wp-json\/wp\/v2\/pages\/7210\/revisions\/7213"}],"wp:attachment":[{"href":"https:\/\/lawlex.co.uk\/pl\/wp-json\/wp\/v2\/media?parent=7210"}],"curies":[{"name":"wp","href":"https:\/\/api.w.org\/{rel}","templated":true}]}}