{"id":7242,"date":"2021-12-29T22:30:20","date_gmt":"2021-12-29T22:30:20","guid":{"rendered":"https:\/\/lawlex.co.uk\/prawo-rodzinne\/"},"modified":"2021-12-29T22:47:26","modified_gmt":"2021-12-29T22:47:26","slug":"prawo-rodzinne","status":"publish","type":"page","link":"https:\/\/lawlex.co.uk\/pl\/prawo-rodzinne\/","title":{"rendered":"Prawo rodzinne"},"content":{"rendered":"<p>[vc_row content_placement=&#8221;middle&#8221; css=&#8221;.vc_custom_1575390546273{padding-top: 55px !important;padding-bottom: 55px !important;}&#8221;][vc_column][vc_row_inner equal_height=&#8221;yes&#8221; content_placement=&#8221;middle&#8221;][vc_column_inner css=&#8221;.vc_custom_1575390506246{margin-top: 30px !important;margin-bottom: 30px !important;}&#8221;][vc_column_text]Nasi do\u015bwiadczeni prawnicy znaj\u0105cy si\u0119 na prawie rodzinnym s\u0105 tutaj, aby pomaga\u0107, zapewniaj\u0105c szeroki wachlarz us\u0142ug z zakresu prawa rodzinnego \u2013 od ustale\u0144 dotycz\u0105cych rozwodu i opieki nad dzieckiem, po konkubinat i zwi\u0105zki partnerskie. Oddany zesp\u00f3\u0142 prawnik\u00f3w LawLex Solicitors pomo\u017ce Ci bez wzgl\u0119du na to, jak trudna lub z\u0142o\u017cona jest Twoja sprawa. Nasi eksperci prawni zawsze robi\u0105 wszystko co w ich mocy, aby pom\u00f3c pojedynczym osobom, rodzinom i parom w zakresie prawa rodzinnego.<\/p>\n<p>Czasami prawo rodzinne mo\u017ce by\u0107 kompleksow\u0105 i z\u0142o\u017con\u0105 dziedzin\u0105 prawn\u0105, poniewa\u017c obejmuje wszystko, od rozwod\u00f3w i ustale\u0144 dotycz\u0105cych dzieci, po przemoc domow\u0105. Wsp\u00f3lne w tych wszystkich sprawach jest to, \u017ce gdy potrzebujesz prawnika zajmuj\u0105cego si\u0119 prawem rodzinnym, szukasz kogo\u015b, kto nie tylko ma do\u015bwiadczenie prawne, ale tak\u017ce cechuje si\u0119 empati\u0105 i zrozumieniem.[\/vc_column_text][vc_empty_space height=&#8221;20px&#8221;]<blockquote class=\"text-big shortcode-blockquote block-style-widget\"><p>Jeste\u015bmy wieloj\u0119zyczni, nasi eksperci mog\u0105 doradza\u0107 klientom m\u00f3wi\u0105cym po angielsku, gruzi\u0144sku, rosyjsku, urdu, chi\u0144skim i perskim.<\/p>\n<\/blockquote>[vc_empty_space height=&#8221;20px&#8221;][vc_column_text]<br \/>\nSkontaktuj si\u0119 z nami, aby uzyska\u0107 wi\u0119cej informacji lub um\u00f3wi\u0107 si\u0119 na konsultacj\u0119. Poniewa\u017c ka\u017cda rodzina jest wyj\u0105tkowa, starannie dopasowujemy nasze porady do potrzeb poszczeg\u00f3lnych rodzin, staraj\u0105c si\u0119 zapewni\u0107 jak najlepsze rezultaty. W LawLex Solicitors \u015bwiadczymy szeroki zakres us\u0142ug obejmuj\u0105cych r\u00f3\u017cne aspekty prawa rodzinnego. Zajmujemy si\u0119 prawie wszystkimi dziedzinami prawa rodzinnego. Nasi specjali\u015bci zapewniaj\u0105 indywidualne podej\u015bcie do ka\u017cdej sytuacji, co ju\u017c przynios\u0142o korzy\u015bci w stresuj\u0105cych sytuacjach wielu naszym klientom.<br \/>\n[\/vc_column_text][vc_single_image image=&#8221;7045&#8243; img_size=&#8221;full&#8221; css=&#8221;.vc_custom_1615069714350{margin-top: 20px !important;}&#8221;][\/vc_column_inner][\/vc_row_inner][\/vc_column][\/vc_row][vc_row css=&#8221;.vc_custom_1614544557537{margin-bottom: 50px !important;}&#8221;][vc_column width=&#8221;1\/2&#8243;][vc_column_text]<\/p>\n<ul>\n<li>Postanowienie s\u0105du w sprawie dziecka<\/li>\n<li>Przemoc domowa<\/li>\n<li>Mediacja rodzinna<\/li>\n<li>Rozliczenia finansowe<\/li>\n<li>Rozw\u00f3d za sta\u0142\u0105 op\u0142at\u0105<\/li>\n<li>Rozw\u00f3d wojskowy<\/li>\n<li>Rozw\u00f3d pozas\u0105dowy<\/li>\n<\/ul>\n<p>[\/vc_column_text][\/vc_column][vc_column width=&#8221;1\/2&#8243;][vc_column_text]<\/p>\n<ul>\n<li>Adopcja<\/li>\n<li>Uprowadzenia dzieci<\/li>\n<li>Wykorzystywanie seksualne dzieci<\/li>\n<li>Nakazy s\u0105dowe dotycz\u0105ce dzieci<\/li>\n<li>Umowy kohabitacyjne<\/li>\n<li>Prawo wsp\u00f3\u0142pracy<\/li>\n<li>Nakazy s\u0105dowe<\/li>\n<\/ul>\n<p>[\/vc_column_text][\/vc_column][\/vc_row][vc_row css=&#8221;.vc_custom_1614544906989{margin-bottom: 50px !important;}&#8221;][vc_column][vc_column_text]Wiemy, \u017ce ka\u017cda kwestia prawna jest trudna i powoduje stres psychiczny. My w LawLex Solicitors jeste\u015bmy wyj\u0105tkowi, dlatego starannie dopasowujemy nasze porady do indywidualnych potrzeb i staramy si\u0119 zapewni\u0107 Pa\u0144stwu jak najlepszy wynik. Aby porozmawia\u0107 z cz\u0142onkiem naszego zespo\u0142u prawnego, zadzwo\u0144 do nas pod numer 0203 432 7706 lub skontaktuj si\u0119 z nami online tutaj, a my oddzwonimy.[\/vc_column_text][\/vc_column][\/vc_row][vc_row full_width=&#8221;stretch_row&#8221; css=&#8221;.vc_custom_1614545150354{padding-top: 40px !important;padding-bottom: 60px !important;background-color: #215f96 !important;}&#8221;][vc_column offset=&#8221;vc_col-lg-offset-2 vc_col-lg-8 vc_col-md-offset-2 vc_col-md-8 vc_col-sm-offset-0 vc_col-xs-12&#8243;]<div id=\"ultimate-heading-958669e14e5e23d2e\" class=\"uvc-heading ult-adjust-bottom-margin ultimate-heading-958669e14e5e23d2e uvc-7148  uvc-heading-default-font-sizes\" data-hspacer=\"no_spacer\"  data-halign=\"center\" style=\"text-align:center\"><div class=\"uvc-heading-spacer no_spacer\" style=\"top\"><\/div><div class=\"uvc-main-heading ult-responsive\"  data-ultimate-target='.uvc-heading.ultimate-heading-958669e14e5e23d2e h2'  data-responsive-json-new='{\"font-size\":\"\",\"line-height\":\"\"}' ><h2 style=\"font-weight:bold;color:#ffffff;margin-bottom:15px;\">Doradztwo prawne dostosowane do Twoich potrzeb<\/h2><\/div><div class=\"uvc-sub-heading ult-responsive\"  data-ultimate-target='.uvc-heading.ultimate-heading-958669e14e5e23d2e .uvc-sub-heading '  data-responsive-json-new='{\"font-size\":\"\",\"line-height\":\"\"}'  style=\"font-weight:normal;color:rgba(255,255,255,0.7);margin-bottom:30px;\">Po\u015bpiesz si\u0119! Skontaktuj si\u0119 z nami ju\u017c dzi\u015b i uzyskaj bezp\u0142atn\u0105 konsultacj\u0119<\/div><\/div>[vc_raw_html css=&#8221;.vc_custom_1614545138112{margin-top: -20px !important;}&#8221;]PGRpdiBjbGFzcz0iYnV0dG9uLWJvb2stYmlnIj48YSBjbGFzcz0iYXBwb2ludGVkZC1ib29raW5nLXBvcG92ZXIiIGFwLWFwcGlkPSI1ZDRkNThiYjIyOTZlMTZjYWUyMzI3YzUiIGNsYXNzPSJidXR0b24tYm9vay1iaWciPjxidXR0b24gY2xhc3M9ImJvb2stYnV0dG9uIGJpZy1idXR0b24xIiA+PGkgY2xhc3M9ImZhcyBmYS1oYW5kc2hha2UiIGlkPSJoYW5kc2hha2UtaGVhZGVyIj48L2k+Qm9vayBBcHBvaW50bWVudDwvYnV0dG9uPjwvYT48L2Rpdj4NCg==[\/vc_raw_html][\/vc_column][\/vc_row]<\/p>\n","protected":false},"excerpt":{"rendered":"<p>[vc_row content_placement=&#8221;middle&#8221; css=&#8221;.vc_custom_1575390546273{padding-top: 55px !important;padding-bottom: 55px !important;}&#8221;][vc_column][vc_row_inner equal_height=&#8221;yes&#8221; content_placement=&#8221;middle&#8221;][vc_column_inner css=&#8221;.vc_custom_1575390506246{margin-top: 30px !important;margin-bottom: 30px !important;}&#8221;][vc_column_text]Nasi do\u015bwiadczeni prawnicy znaj\u0105cy si\u0119 na prawie rodzinnym s\u0105 tutaj, aby pomaga\u0107, zapewniaj\u0105c szeroki wachlarz us\u0142ug z zakresu prawa rodzinnego \u2013 od ustale\u0144 dotycz\u0105cych rozwodu i opieki nad dzieckiem, po konkubinat i zwi\u0105zki partnerskie. Oddany zesp\u00f3\u0142 prawnik\u00f3w LawLex Solicitors pomo\u017ce Ci bez&hellip;<\/p>\n","protected":false},"author":2,"featured_media":0,"parent":0,"menu_order":10,"comment_status":"closed","ping_status":"closed","template":"","meta":{"footnotes":""},"class_list":["post-7242","page","type-page","status-publish","hentry","description-off"],"yoast_head":"<!-- This site is optimized with the Yoast SEO plugin v17.8 - https:\/\/yoast.com\/wordpress\/plugins\/seo\/ -->\n<title>Prawo rodzinne - Lawlex Solicitors<\/title>\n<meta name=\"robots\" content=\"index, follow, max-snippet:-1, max-image-preview:large, max-video-preview:-1\" \/>\n<link rel=\"canonical\" href=\"https:\/\/lawlex.co.uk\/pl\/prawo-rodzinne\/\" \/>\n<meta property=\"og:locale\" content=\"pl_PL\" \/>\n<meta property=\"og:type\" content=\"article\" \/>\n<meta property=\"og:title\" content=\"Prawo rodzinne - Lawlex Solicitors\" \/>\n<meta property=\"og:description\" content=\"[vc_row content_placement=&#8221;middle&#8221; css=&#8221;.vc_custom_1575390546273{padding-top: 55px !important;padding-bottom: 55px !important;}&#8221;][vc_column][vc_row_inner equal_height=&#8221;yes&#8221; content_placement=&#8221;middle&#8221;][vc_column_inner css=&#8221;.vc_custom_1575390506246{margin-top: 30px !important;margin-bottom: 30px !important;}&#8221;][vc_column_text]Nasi do\u015bwiadczeni prawnicy znaj\u0105cy si\u0119 na prawie rodzinnym s\u0105 tutaj, aby pomaga\u0107, zapewniaj\u0105c szeroki wachlarz us\u0142ug z zakresu prawa rodzinnego \u2013 od ustale\u0144 dotycz\u0105cych rozwodu i opieki nad dzieckiem, po konkubinat i zwi\u0105zki partnerskie. Oddany zesp\u00f3\u0142 prawnik\u00f3w LawLex Solicitors pomo\u017ce Ci bez&hellip;\" \/>\n<meta property=\"og:url\" content=\"https:\/\/lawlex.co.uk\/pl\/prawo-rodzinne\/\" \/>\n<meta property=\"og:site_name\" content=\"Lawlex Solicitors\" \/>\n<meta property=\"article:modified_time\" content=\"2021-12-29T22:47:26+00:00\" \/>\n<meta name=\"twitter:card\" content=\"summary_large_image\" \/>\n<meta name=\"twitter:label1\" content=\"Szacowany czas czytania\" \/>\n\t<meta name=\"twitter:data1\" content=\"3 minuty\" \/>\n<script type=\"application\/ld+json\" class=\"yoast-schema-graph\">{\"@context\":\"https:\/\/schema.org\",\"@graph\":[{\"@type\":\"WebSite\",\"@id\":\"https:\/\/lawlex.co.uk\/#website\",\"url\":\"https:\/\/lawlex.co.uk\/\",\"name\":\"Lawlex Solicitors\",\"description\":\"London Based Law firm\",\"potentialAction\":[{\"@type\":\"SearchAction\",\"target\":{\"@type\":\"EntryPoint\",\"urlTemplate\":\"https:\/\/lawlex.co.uk\/?s={search_term_string}\"},\"query-input\":\"required name=search_term_string\"}],\"inLanguage\":\"pl-PL\"},{\"@type\":\"WebPage\",\"@id\":\"https:\/\/lawlex.co.uk\/pl\/prawo-rodzinne\/#webpage\",\"url\":\"https:\/\/lawlex.co.uk\/pl\/prawo-rodzinne\/\",\"name\":\"Prawo rodzinne - Lawlex Solicitors\",\"isPartOf\":{\"@id\":\"https:\/\/lawlex.co.uk\/#website\"},\"datePublished\":\"2021-12-29T22:30:20+00:00\",\"dateModified\":\"2021-12-29T22:47:26+00:00\",\"breadcrumb\":{\"@id\":\"https:\/\/lawlex.co.uk\/pl\/prawo-rodzinne\/#breadcrumb\"},\"inLanguage\":\"pl-PL\",\"potentialAction\":[{\"@type\":\"ReadAction\",\"target\":[\"https:\/\/lawlex.co.uk\/pl\/prawo-rodzinne\/\"]}]},{\"@type\":\"BreadcrumbList\",\"@id\":\"https:\/\/lawlex.co.uk\/pl\/prawo-rodzinne\/#breadcrumb\",\"itemListElement\":[{\"@type\":\"ListItem\",\"position\":1,\"name\":\"Home\",\"item\":\"https:\/\/lawlex.co.uk\/pl\/\"},{\"@type\":\"ListItem\",\"position\":2,\"name\":\"Prawo rodzinne\"}]}]}<\/script>\n<!-- \/ Yoast SEO plugin. -->","yoast_head_json":{"title":"Prawo rodzinne - Lawlex Solicitors","robots":{"index":"index","follow":"follow","max-snippet":"max-snippet:-1","max-image-preview":"max-image-preview:large","max-video-preview":"max-video-preview:-1"},"canonical":"https:\/\/lawlex.co.uk\/pl\/prawo-rodzinne\/","og_locale":"pl_PL","og_type":"article","og_title":"Prawo rodzinne - Lawlex Solicitors","og_description":"[vc_row content_placement=&#8221;middle&#8221; css=&#8221;.vc_custom_1575390546273{padding-top: 55px !important;padding-bottom: 55px !important;}&#8221;][vc_column][vc_row_inner equal_height=&#8221;yes&#8221; content_placement=&#8221;middle&#8221;][vc_column_inner css=&#8221;.vc_custom_1575390506246{margin-top: 30px !important;margin-bottom: 30px !important;}&#8221;][vc_column_text]Nasi do\u015bwiadczeni prawnicy znaj\u0105cy si\u0119 na prawie rodzinnym s\u0105 tutaj, aby pomaga\u0107, zapewniaj\u0105c szeroki wachlarz us\u0142ug z zakresu prawa rodzinnego \u2013 od ustale\u0144 dotycz\u0105cych rozwodu i opieki nad dzieckiem, po konkubinat i zwi\u0105zki partnerskie. Oddany zesp\u00f3\u0142 prawnik\u00f3w LawLex Solicitors pomo\u017ce Ci bez&hellip;","og_url":"https:\/\/lawlex.co.uk\/pl\/prawo-rodzinne\/","og_site_name":"Lawlex Solicitors","article_modified_time":"2021-12-29T22:47:26+00:00","twitter_card":"summary_large_image","twitter_misc":{"Szacowany czas czytania":"3 minuty"},"schema":{"@context":"https:\/\/schema.org","@graph":[{"@type":"WebSite","@id":"https:\/\/lawlex.co.uk\/#website","url":"https:\/\/lawlex.co.uk\/","name":"Lawlex Solicitors","description":"London Based Law firm","potentialAction":[{"@type":"SearchAction","target":{"@type":"EntryPoint","urlTemplate":"https:\/\/lawlex.co.uk\/?s={search_term_string}"},"query-input":"required name=search_term_string"}],"inLanguage":"pl-PL"},{"@type":"WebPage","@id":"https:\/\/lawlex.co.uk\/pl\/prawo-rodzinne\/#webpage","url":"https:\/\/lawlex.co.uk\/pl\/prawo-rodzinne\/","name":"Prawo rodzinne - Lawlex Solicitors","isPartOf":{"@id":"https:\/\/lawlex.co.uk\/#website"},"datePublished":"2021-12-29T22:30:20+00:00","dateModified":"2021-12-29T22:47:26+00:00","breadcrumb":{"@id":"https:\/\/lawlex.co.uk\/pl\/prawo-rodzinne\/#breadcrumb"},"inLanguage":"pl-PL","potentialAction":[{"@type":"ReadAction","target":["https:\/\/lawlex.co.uk\/pl\/prawo-rodzinne\/"]}]},{"@type":"BreadcrumbList","@id":"https:\/\/lawlex.co.uk\/pl\/prawo-rodzinne\/#breadcrumb","itemListElement":[{"@type":"ListItem","position":1,"name":"Home","item":"https:\/\/lawlex.co.uk\/pl\/"},{"@type":"ListItem","position":2,"name":"Prawo rodzinne"}]}]}},"_links":{"self":[{"href":"https:\/\/lawlex.co.uk\/pl\/wp-json\/wp\/v2\/pages\/7242","targetHints":{"allow":["GET"]}}],"collection":[{"href":"https:\/\/lawlex.co.uk\/pl\/wp-json\/wp\/v2\/pages"}],"about":[{"href":"https:\/\/lawlex.co.uk\/pl\/wp-json\/wp\/v2\/types\/page"}],"author":[{"embeddable":true,"href":"https:\/\/lawlex.co.uk\/pl\/wp-json\/wp\/v2\/users\/2"}],"replies":[{"embeddable":true,"href":"https:\/\/lawlex.co.uk\/pl\/wp-json\/wp\/v2\/comments?post=7242"}],"version-history":[{"count":3,"href":"https:\/\/lawlex.co.uk\/pl\/wp-json\/wp\/v2\/pages\/7242\/revisions"}],"predecessor-version":[{"id":7245,"href":"https:\/\/lawlex.co.uk\/pl\/wp-json\/wp\/v2\/pages\/7242\/revisions\/7245"}],"wp:attachment":[{"href":"https:\/\/lawlex.co.uk\/pl\/wp-json\/wp\/v2\/media?parent=7242"}],"curies":[{"name":"wp","href":"https:\/\/api.w.org\/{rel}","templated":true}]}}