{"id":7262,"date":"2021-12-29T22:49:25","date_gmt":"2021-12-29T22:49:25","guid":{"rendered":"https:\/\/lawlex.co.uk\/ogolna-praktyka\/"},"modified":"2021-12-29T22:51:15","modified_gmt":"2021-12-29T22:51:15","slug":"ogolna-praktyka","status":"publish","type":"page","link":"https:\/\/lawlex.co.uk\/pl\/ogolna-praktyka\/","title":{"rendered":"Og\u00f3lna praktyka"},"content":{"rendered":"<p>[vc_row content_placement=&#8221;middle&#8221; css=&#8221;.vc_custom_1614548153103{padding-top: 55px !important;}&#8221;][vc_column][vc_row_inner equal_height=&#8221;yes&#8221; content_placement=&#8221;middle&#8221;][vc_column_inner css=&#8221;.vc_custom_1575390506246{margin-top: 30px !important;margin-bottom: 30px !important;}&#8221;][vc_column_text]Mo\u017cemy pom\u00f3c w administrowaniu i wydawaniu dokument\u00f3w jako prawnicy upowa\u017cnieni do przyjmowania zaprzysi\u0119\u017conych zezna\u0144. Jeste\u015bmy upowa\u017cnieni do weryfikacji o\u015bwiadcze\u0144 pisemnych sk\u0142adanych pod przysi\u0119g\u0105 oraz innych dokument\u00f3w prawnych. Prawnik upowa\u017cniony do przyjmowania zaprzysi\u0119\u017conych zezna\u0144 jest powo\u0142ywany przez Lorda Kanclerza. Przyznane uprawnienia obejmuj\u0105 administrowanie przysi\u0105g oraz przyjmowanie o\u015bwiadcze\u0144 pod przysi\u0119g\u0105 i deklaracji ustawowych. Mo\u017cemy by\u0107 \u015bwiadkami podpis\u00f3w os\u00f3b sk\u0142adaj\u0105cych o\u015bwiadczenie; i\/lub sporz\u0105dza\u0107 nast\u0119puj\u0105ce dokumenty:<\/p>\n<ul>\n<li>Pe\u0142nomocnictwo<\/li>\n<li>Deklaracj\u0119 ustawow\u0105<\/li>\n<li>O\u015bwiadczenie o zmianie nazwiska<\/li>\n<li>A tak\u017ce potwierdza\u0107 dokumenty jako prawdziwe kopie orygina\u0142u<\/li>\n<\/ul>\n<p>[\/vc_column_text][vc_empty_space height=&#8221;20px&#8221;]<blockquote class=\"text-big shortcode-blockquote block-style-widget\"><p>Jeste\u015bmy wieloj\u0119zyczni, nasi eksperci mog\u0105 doradza\u0107 klientom m\u00f3wi\u0105cym po angielsku, gruzi\u0144sku, rosyjsku, urdu, chi\u0144skim i perskim.<\/p>\n<\/blockquote>[\/vc_column_inner][\/vc_row_inner][\/vc_column][\/vc_row][vc_row css=&#8221;.vc_custom_1614548159950{margin-bottom: 50px !important;}&#8221;][vc_column][vc_column_text]Wiemy, \u017ce ka\u017cda kwestia prawna jest trudna i powoduje stres psychiczny. My w LawLex Solicitors jeste\u015bmy wyj\u0105tkowi, dlatego starannie dopasowujemy nasze porady do indywidualnych potrzeb i staramy si\u0119 zapewni\u0107 Pa\u0144stwu jak najlepszy wynik. Aby porozmawia\u0107 z cz\u0142onkiem naszego zespo\u0142u prawnego, zadzwo\u0144 do nas pod numer 0203 432 7706 lub skontaktuj si\u0119 z nami online tutaj, a my oddzwonimy.[\/vc_column_text][\/vc_column][\/vc_row][vc_row full_width=&#8221;stretch_row&#8221; css=&#8221;.vc_custom_1614545150354{padding-top: 40px !important;padding-bottom: 60px !important;background-color: #215f96 !important;}&#8221;][vc_column offset=&#8221;vc_col-lg-offset-2 vc_col-lg-8 vc_col-md-offset-2 vc_col-md-8 vc_col-sm-offset-0 vc_col-xs-12&#8243;]<div id=\"ultimate-heading-144769f0f8e43cd4c\" class=\"uvc-heading ult-adjust-bottom-margin ultimate-heading-144769f0f8e43cd4c uvc-8109  uvc-heading-default-font-sizes\" data-hspacer=\"no_spacer\"  data-halign=\"center\" style=\"text-align:center\"><div class=\"uvc-heading-spacer no_spacer\" style=\"top\"><\/div><div class=\"uvc-main-heading ult-responsive\"  data-ultimate-target='.uvc-heading.ultimate-heading-144769f0f8e43cd4c h2'  data-responsive-json-new='{\"font-size\":\"\",\"line-height\":\"\"}' ><h2 style=\"font-weight:bold;color:#ffffff;margin-bottom:15px;\">Doradztwo prawne dostosowane do Twoich potrzeb<\/h2><\/div><div class=\"uvc-sub-heading ult-responsive\"  data-ultimate-target='.uvc-heading.ultimate-heading-144769f0f8e43cd4c .uvc-sub-heading '  data-responsive-json-new='{\"font-size\":\"\",\"line-height\":\"\"}'  style=\"font-weight:normal;color:rgba(255,255,255,0.7);margin-bottom:30px;\">Po\u015bpiesz si\u0119! Skontaktuj si\u0119 z nami ju\u017c dzi\u015b i uzyskaj bezp\u0142atn\u0105 konsultacj\u0119<\/div><\/div>[vc_raw_html css=&#8221;.vc_custom_1614545138112{margin-top: -20px !important;}&#8221;]PGRpdiBjbGFzcz0iYnV0dG9uLWJvb2stYmlnIj48YSBjbGFzcz0iYXBwb2ludGVkZC1ib29raW5nLXBvcG92ZXIiIGFwLWFwcGlkPSI1ZDRkNThiYjIyOTZlMTZjYWUyMzI3YzUiIGNsYXNzPSJidXR0b24tYm9vay1iaWciPjxidXR0b24gY2xhc3M9ImJvb2stYnV0dG9uIGJpZy1idXR0b24xIiA+PGkgY2xhc3M9ImZhcyBmYS1oYW5kc2hha2UiIGlkPSJoYW5kc2hha2UtaGVhZGVyIj48L2k+Qm9vayBBcHBvaW50bWVudDwvYnV0dG9uPjwvYT48L2Rpdj4NCg==[\/vc_raw_html][\/vc_column][\/vc_row]<\/p>\n","protected":false},"excerpt":{"rendered":"<p>[vc_row content_placement=&#8221;middle&#8221; css=&#8221;.vc_custom_1614548153103{padding-top: 55px !important;}&#8221;][vc_column][vc_row_inner equal_height=&#8221;yes&#8221; content_placement=&#8221;middle&#8221;][vc_column_inner css=&#8221;.vc_custom_1575390506246{margin-top: 30px !important;margin-bottom: 30px !important;}&#8221;][vc_column_text]Mo\u017cemy pom\u00f3c w administrowaniu i wydawaniu dokument\u00f3w jako prawnicy upowa\u017cnieni do przyjmowania zaprzysi\u0119\u017conych zezna\u0144. Jeste\u015bmy upowa\u017cnieni do weryfikacji o\u015bwiadcze\u0144 pisemnych sk\u0142adanych pod przysi\u0119g\u0105 oraz innych dokument\u00f3w prawnych. Prawnik upowa\u017cniony do przyjmowania zaprzysi\u0119\u017conych zezna\u0144 jest powo\u0142ywany przez Lorda Kanclerza. Przyznane uprawnienia obejmuj\u0105 administrowanie przysi\u0105g oraz&hellip;<\/p>\n","protected":false},"author":2,"featured_media":0,"parent":0,"menu_order":0,"comment_status":"closed","ping_status":"closed","template":"","meta":{"footnotes":""},"class_list":["post-7262","page","type-page","status-publish","hentry","description-off"],"yoast_head":"<!-- This site is optimized with the Yoast SEO plugin v17.8 - https:\/\/yoast.com\/wordpress\/plugins\/seo\/ -->\n<title>Statutory Declaration Solicitors, UK | Certify Documents<\/title>\n<meta name=\"description\" content=\"Hire UK\u2019s top lawyers as statutory declaration solicitors to certify documents, commissioner of oaths and solicitor witness signatures. Call us at 0203 432 7706.\" \/>\n<meta name=\"robots\" content=\"index, follow, max-snippet:-1, max-image-preview:large, max-video-preview:-1\" \/>\n<link rel=\"canonical\" href=\"https:\/\/lawlex.co.uk\/pl\/ogolna-praktyka\/\" \/>\n<meta property=\"og:locale\" content=\"pl_PL\" \/>\n<meta property=\"og:type\" content=\"article\" \/>\n<meta property=\"og:title\" content=\"Statutory Declaration Solicitors, UK | Certify Documents\" \/>\n<meta property=\"og:description\" content=\"Hire UK\u2019s top lawyers as statutory declaration solicitors to certify documents, commissioner of oaths and solicitor witness signatures. Call us at 0203 432 7706.\" \/>\n<meta property=\"og:url\" content=\"https:\/\/lawlex.co.uk\/pl\/ogolna-praktyka\/\" \/>\n<meta property=\"og:site_name\" content=\"Lawlex Solicitors\" \/>\n<meta property=\"article:modified_time\" content=\"2021-12-29T22:51:15+00:00\" \/>\n<meta name=\"twitter:card\" content=\"summary_large_image\" \/>\n<meta name=\"twitter:label1\" content=\"Szacowany czas czytania\" \/>\n\t<meta name=\"twitter:data1\" content=\"2 minuty\" \/>\n<script type=\"application\/ld+json\" class=\"yoast-schema-graph\">{\"@context\":\"https:\/\/schema.org\",\"@graph\":[{\"@type\":\"WebSite\",\"@id\":\"https:\/\/lawlex.co.uk\/#website\",\"url\":\"https:\/\/lawlex.co.uk\/\",\"name\":\"Lawlex Solicitors\",\"description\":\"London Based Law firm\",\"potentialAction\":[{\"@type\":\"SearchAction\",\"target\":{\"@type\":\"EntryPoint\",\"urlTemplate\":\"https:\/\/lawlex.co.uk\/?s={search_term_string}\"},\"query-input\":\"required name=search_term_string\"}],\"inLanguage\":\"pl-PL\"},{\"@type\":\"WebPage\",\"@id\":\"https:\/\/lawlex.co.uk\/pl\/ogolna-praktyka\/#webpage\",\"url\":\"https:\/\/lawlex.co.uk\/pl\/ogolna-praktyka\/\",\"name\":\"Statutory Declaration Solicitors, UK | Certify Documents\",\"isPartOf\":{\"@id\":\"https:\/\/lawlex.co.uk\/#website\"},\"datePublished\":\"2021-12-29T22:49:25+00:00\",\"dateModified\":\"2021-12-29T22:51:15+00:00\",\"description\":\"Hire UK\\u2019s top lawyers as statutory declaration solicitors to certify documents, commissioner of oaths and solicitor witness signatures. Call us at 0203 432 7706.\",\"breadcrumb\":{\"@id\":\"https:\/\/lawlex.co.uk\/pl\/ogolna-praktyka\/#breadcrumb\"},\"inLanguage\":\"pl-PL\",\"potentialAction\":[{\"@type\":\"ReadAction\",\"target\":[\"https:\/\/lawlex.co.uk\/pl\/ogolna-praktyka\/\"]}]},{\"@type\":\"BreadcrumbList\",\"@id\":\"https:\/\/lawlex.co.uk\/pl\/ogolna-praktyka\/#breadcrumb\",\"itemListElement\":[{\"@type\":\"ListItem\",\"position\":1,\"name\":\"Home\",\"item\":\"https:\/\/lawlex.co.uk\/pl\/\"},{\"@type\":\"ListItem\",\"position\":2,\"name\":\"Og\\u00f3lna praktyka\"}]}]}<\/script>\n<!-- \/ Yoast SEO plugin. -->","yoast_head_json":{"title":"Statutory Declaration Solicitors, UK | Certify Documents","description":"Hire UK\u2019s top lawyers as statutory declaration solicitors to certify documents, commissioner of oaths and solicitor witness signatures. Call us at 0203 432 7706.","robots":{"index":"index","follow":"follow","max-snippet":"max-snippet:-1","max-image-preview":"max-image-preview:large","max-video-preview":"max-video-preview:-1"},"canonical":"https:\/\/lawlex.co.uk\/pl\/ogolna-praktyka\/","og_locale":"pl_PL","og_type":"article","og_title":"Statutory Declaration Solicitors, UK | Certify Documents","og_description":"Hire UK\u2019s top lawyers as statutory declaration solicitors to certify documents, commissioner of oaths and solicitor witness signatures. Call us at 0203 432 7706.","og_url":"https:\/\/lawlex.co.uk\/pl\/ogolna-praktyka\/","og_site_name":"Lawlex Solicitors","article_modified_time":"2021-12-29T22:51:15+00:00","twitter_card":"summary_large_image","twitter_misc":{"Szacowany czas czytania":"2 minuty"},"schema":{"@context":"https:\/\/schema.org","@graph":[{"@type":"WebSite","@id":"https:\/\/lawlex.co.uk\/#website","url":"https:\/\/lawlex.co.uk\/","name":"Lawlex Solicitors","description":"London Based Law firm","potentialAction":[{"@type":"SearchAction","target":{"@type":"EntryPoint","urlTemplate":"https:\/\/lawlex.co.uk\/?s={search_term_string}"},"query-input":"required name=search_term_string"}],"inLanguage":"pl-PL"},{"@type":"WebPage","@id":"https:\/\/lawlex.co.uk\/pl\/ogolna-praktyka\/#webpage","url":"https:\/\/lawlex.co.uk\/pl\/ogolna-praktyka\/","name":"Statutory Declaration Solicitors, UK | Certify Documents","isPartOf":{"@id":"https:\/\/lawlex.co.uk\/#website"},"datePublished":"2021-12-29T22:49:25+00:00","dateModified":"2021-12-29T22:51:15+00:00","description":"Hire UK\u2019s top lawyers as statutory declaration solicitors to certify documents, commissioner of oaths and solicitor witness signatures. Call us at 0203 432 7706.","breadcrumb":{"@id":"https:\/\/lawlex.co.uk\/pl\/ogolna-praktyka\/#breadcrumb"},"inLanguage":"pl-PL","potentialAction":[{"@type":"ReadAction","target":["https:\/\/lawlex.co.uk\/pl\/ogolna-praktyka\/"]}]},{"@type":"BreadcrumbList","@id":"https:\/\/lawlex.co.uk\/pl\/ogolna-praktyka\/#breadcrumb","itemListElement":[{"@type":"ListItem","position":1,"name":"Home","item":"https:\/\/lawlex.co.uk\/pl\/"},{"@type":"ListItem","position":2,"name":"Og\u00f3lna praktyka"}]}]}},"_links":{"self":[{"href":"https:\/\/lawlex.co.uk\/pl\/wp-json\/wp\/v2\/pages\/7262","targetHints":{"allow":["GET"]}}],"collection":[{"href":"https:\/\/lawlex.co.uk\/pl\/wp-json\/wp\/v2\/pages"}],"about":[{"href":"https:\/\/lawlex.co.uk\/pl\/wp-json\/wp\/v2\/types\/page"}],"author":[{"embeddable":true,"href":"https:\/\/lawlex.co.uk\/pl\/wp-json\/wp\/v2\/users\/2"}],"replies":[{"embeddable":true,"href":"https:\/\/lawlex.co.uk\/pl\/wp-json\/wp\/v2\/comments?post=7262"}],"version-history":[{"count":2,"href":"https:\/\/lawlex.co.uk\/pl\/wp-json\/wp\/v2\/pages\/7262\/revisions"}],"predecessor-version":[{"id":7264,"href":"https:\/\/lawlex.co.uk\/pl\/wp-json\/wp\/v2\/pages\/7262\/revisions\/7264"}],"wp:attachment":[{"href":"https:\/\/lawlex.co.uk\/pl\/wp-json\/wp\/v2\/media?parent=7262"}],"curies":[{"name":"wp","href":"https:\/\/api.w.org\/{rel}","templated":true}]}}